{"id":149,"date":"2016-02-05T01:02:18","date_gmt":"2016-02-05T03:02:18","guid":{"rendered":"http:\/\/shtheme.com\/demosd\/logis-cargo\/?page_id=149"},"modified":"2022-03-23T08:38:44","modified_gmt":"2022-03-23T11:38:44","slug":"produtos","status":"publish","type":"page","link":"https:\/\/a1c.com.br\/en\/produtos\/","title":{"rendered":"Products"},"content":{"rendered":"<div class=\"vc_row wpb_row vc_row-fluid\"><div class=\"wpb_column vc_column_container vc_col-sm-12\"><div class=\"vc_column-inner\"><div class=\"wpb_wrapper\"><div class=\"vc_empty_space\"   style=\"height: 30px\"><span class=\"vc_empty_space_inner\"><\/span><\/div><\/div><\/div><\/div><\/div><div class=\"vc_row wpb_row vc_row-fluid font-family: quicksand\"><div class=\"text-align: justify wpb_column vc_column_container vc_col-sm-12\"><div class=\"vc_column-inner\"><div class=\"wpb_wrapper\">\n\n<div class=\"single-client-box\">\n    <div class=\"icon-box\">\n        <img decoding=\"async\" src=\"https:\/\/a1c.com.br\/wp-content\/uploads\/2020\/06\/Algod\u00e3o-1.png\" alt=\"\"\/>\n    <\/div>\n    <div class=\"content\">\n        <h3>COTTON<\/h3>\n        <p>We work with the most diverse combinations of intrinsic characteristics available in the Brazilian production of cotton in order to meet the needs of our customers.<\/p>\n<p>Items to be defined: white types gradation (universal standards), colors, staple length, resistance, micronaire, SFI, among others.<\/p>\n<p>Packing: bales of cotton fiber.<\/p>\n    <\/div>\n<\/div>\n\n<div class=\"single-client-box\">\n    <div class=\"icon-box\">\n        <img decoding=\"async\" src=\"https:\/\/a1c.com.br\/wp-content\/uploads\/2020\/07\/\u00cdcones-01-01.png\" alt=\"\"\/>\n    <\/div>\n    <div class=\"content\">\n        <h3>SOYBEANS<\/h3>\n        <p>Products: ANEC standard soybean, GMO-Free (multiple varieties), GMO-Free (single variety) and organic.<\/p>\n<p>Especifica\u00e7\u00f5es: combina\u00e7\u00e3o sob medida dos requisitos de prote\u00edna, \u00f3leo, umidade etc. Certifica\u00e7\u00e3o\/Rastreabilidade: soft IP e hard IP (certificadoras internacionais).<\/p>\n<p>Packing: bags, big-bags, container and bulk.<\/p>\n    <\/div>\n<\/div>\n\n<div class=\"single-client-box\">\n    <div class=\"icon-box\">\n        <img decoding=\"async\" src=\"COFFEE\" alt=\"\"\/>\n    <\/div>\n    <div class=\"content\">\n        <h3>Caf\u00e9<\/h3>\n        <p>Working closely with traditional producers and cooperatives, A1 offers a complete portfolio of high quality blends. As important as the quality of the coffee is our ability to ensure uniformity\/consistency in longer commercial commitments. Bespoke contract blends and micro batches of very special qualities can also be provided.<\/p>\n    <\/div>\n<\/div>\n\n<div class=\"single-client-box\">\n    <div class=\"icon-box\">\n        <img decoding=\"async\" src=\"https:\/\/a1c.com.br\/wp-content\/uploads\/2020\/06\/Milho.png\" alt=\"\"\/>\n    <\/div>\n    <div class=\"content\">\n        <h3>CORN<\/h3>\n        <p>Products: ANEC standard corn, GMO-Free corn (multiple varieties), GMO-Free corn (single variety) and organic.<\/p>\n<p>Especifica\u00e7\u00f5es: combina\u00e7\u00e3o sob medida dos requisitos de prote\u00edna, \u00f3leo, umidade, \u00edndice de avariados, restri\u00e7\u00e3o \u00e0 aflatoxina etc. Certifica\u00e7\u00e3o\/Rastreabilidade: soft IP e hard IP (certificadoras internacionais).<\/p>\n<p>Packing: bags, big-bags, container and bulk.<\/p>\n    <\/div>\n<\/div>\n\n<div class=\"single-client-box\">\n    <div class=\"icon-box\">\n        <img decoding=\"async\" src=\"https:\/\/a1c.com.br\/wp-content\/uploads\/2020\/06\/\u00d3leo-vegetal.png\" alt=\"\"\/>\n    <\/div>\n    <div class=\"content\">\n        <h3>Bran and Oils<\/h3>\n        <p>Products: bran, Hipro, SPC and oils.<\/p>\n<p>Specifications: tailor-made combination of the most diverse product properties such as protein content, oil, fiber, moisture, acidity, colors, appearance and presence of the most diverse substances.<\/p>\n<p>Certification \/ Traceability: soft IP and hard IP (international certifiers).<\/p>\n<p>Packing: pellets, bags, big-bags, container and bulk.<\/p>\n    <\/div>\n<\/div>\n\n<div class=\"single-client-box\">\n    <div class=\"icon-box\">\n        <img decoding=\"async\" src=\"https:\/\/a1c.com.br\/wp-content\/uploads\/2021\/10\/favos-de-mel-1.png\" alt=\"\"\/>\n    <\/div>\n    <div class=\"content\">\n        <h3>Honey<\/h3>\n        <p>In partnership with EthikaBio, A1 has been encouraging the origination of high quality Brazilian Honey, recognized through organic product, environmental and social certifications (Fair Trade)<\/p>\n    <\/div>\n<\/div>\n\t<div class=\"wpb_text_column wpb_content_element  vc_custom_1644843857775\" >\n\t\t<div class=\"wpb_wrapper\">\n\t\t\t<p>Click here and learn more about <a href=\"https:\/\/ethikabio.ch\/\">EthikaBio<\/a><\/p>\n\n\t\t<\/div>\n\t<\/div>\n<\/div><\/div><\/div><\/div><div class=\"vc_row wpb_row vc_row-fluid font-family: quicksand\"><div class=\"text-align: justify wpb_column vc_column_container vc_col-sm-12\"><div class=\"vc_column-inner\"><div class=\"wpb_wrapper\"><div class=\"vc_empty_space\"   style=\"height: 42px\"><span class=\"vc_empty_space_inner\"><\/span><\/div>\n\n<div class=\"single-client-box\">\n    <div class=\"icon-box\">\n        <img decoding=\"async\" src=\"https:\/\/a1c.com.br\/wp-content\/uploads\/2020\/07\/\u00cdcones-01-02.png\" alt=\"\"\/>\n    <\/div>\n    <div class=\"content\">\n        <h3>OTHER PRODUCTS<\/h3>\n        <p>Products: Honey, organic sugar, grains, seeds and bran from the complexes of wheat, beans, rice, sunflower, canola, linseed etc.<\/p>\n<p>Specifications: tailor-made combination of the most diverse properties of the products such as protein content, oil, moisture, acidity, colors, appearance and presence of the most diversified substances.<\/p>\n<p>Certification \/ Traceability: soft IP and hard IP (international certifiers).<\/p>\n<p>Packing: pellets, bags, big-bags, container and bulk.<\/p>\n    <\/div>\n<\/div><div class=\"vc_empty_space\"   style=\"height: 32px\"><span class=\"vc_empty_space_inner\"><\/span><\/div><\/div><\/div><\/div><\/div>","protected":false},"excerpt":{"rendered":"Algod\u00e3o Trabalhamos com as mais diversas combina\u00e7\u00f5es de caracter\u00edsticas intr\u00ednsecas dispon\u00edveis na produ\u00e7\u00e3o brasileira de algod\u00e3o de modo a atender \u00e0s necessidades de nossos clientes. Itens a serem definidos: gradua\u00e7\u00e3o dos tipos brancos (padr\u00f5es universais), cor, comprimento de fibra, resist\u00eancia, micronaire, SFI, entre outros. Embalagem: algod\u00e3o em pluma em fardos. Soja Produtos: soja padr\u00e3o ANEC, [...]","protected":false},"author":1,"featured_media":0,"parent":0,"menu_order":0,"comment_status":"closed","ping_status":"closed","template":"","meta":{"footnotes":""},"class_list":["post-149","page","type-page","status-publish","hentry"],"yoast_head":"<!-- This site is optimized with the Yoast SEO plugin v27.0 - https:\/\/yoast.com\/product\/yoast-seo-wordpress\/ -->\n<title>Produtos - A1 Commodities<\/title>\n<meta name=\"robots\" content=\"index, follow, max-snippet:-1, max-image-preview:large, max-video-preview:-1\" \/>\n<link rel=\"canonical\" href=\"https:\/\/a1c.com.br\/en\/produtos\/\" \/>\n<meta property=\"og:locale\" content=\"en_GB\" \/>\n<meta property=\"og:type\" content=\"article\" \/>\n<meta property=\"og:title\" content=\"Produtos - A1 Commodities\" \/>\n<meta property=\"og:url\" content=\"https:\/\/a1c.com.br\/en\/produtos\/\" \/>\n<meta property=\"og:site_name\" content=\"A1 Commodities\" \/>\n<meta property=\"article:modified_time\" content=\"2022-03-23T11:38:44+00:00\" \/>\n<meta name=\"twitter:card\" content=\"summary_large_image\" \/>\n<meta name=\"twitter:label1\" content=\"Estimated reading time\" \/>\n\t<meta name=\"twitter:data1\" content=\"2 minutes\" \/>\n<script type=\"application\/ld+json\" class=\"yoast-schema-graph\">{\"@context\":\"https:\/\/schema.org\",\"@graph\":[{\"@type\":\"WebPage\",\"@id\":\"https:\/\/a1c.com.br\/produtos\/\",\"url\":\"https:\/\/a1c.com.br\/produtos\/\",\"name\":\"Produtos - A1 Commodities\",\"isPartOf\":{\"@id\":\"https:\/\/a1c.com.br\/#website\"},\"datePublished\":\"2016-02-05T03:02:18+00:00\",\"dateModified\":\"2022-03-23T11:38:44+00:00\",\"breadcrumb\":{\"@id\":\"https:\/\/a1c.com.br\/produtos\/#breadcrumb\"},\"inLanguage\":\"en-GB\",\"potentialAction\":[{\"@type\":\"ReadAction\",\"target\":[\"https:\/\/a1c.com.br\/produtos\/\"]}]},{\"@type\":\"BreadcrumbList\",\"@id\":\"https:\/\/a1c.com.br\/produtos\/#breadcrumb\",\"itemListElement\":[{\"@type\":\"ListItem\",\"position\":1,\"name\":\"Home\",\"item\":\"https:\/\/a1c.com.br\/\"},{\"@type\":\"ListItem\",\"position\":2,\"name\":\"Produtos\"}]},{\"@type\":\"WebSite\",\"@id\":\"https:\/\/a1c.com.br\/#website\",\"url\":\"https:\/\/a1c.com.br\/\",\"name\":\"A1 Commodities\",\"description\":\"Descomoditizando as Commodities\",\"publisher\":{\"@id\":\"https:\/\/a1c.com.br\/#organization\"},\"potentialAction\":[{\"@type\":\"SearchAction\",\"target\":{\"@type\":\"EntryPoint\",\"urlTemplate\":\"https:\/\/a1c.com.br\/?s={search_term_string}\"},\"query-input\":{\"@type\":\"PropertyValueSpecification\",\"valueRequired\":true,\"valueName\":\"search_term_string\"}}],\"inLanguage\":\"en-GB\"},{\"@type\":\"Organization\",\"@id\":\"https:\/\/a1c.com.br\/#organization\",\"name\":\"A1 Commodities\",\"url\":\"https:\/\/a1c.com.br\/\",\"logo\":{\"@type\":\"ImageObject\",\"inLanguage\":\"en-GB\",\"@id\":\"https:\/\/a1c.com.br\/#\/schema\/logo\/image\/\",\"url\":\"https:\/\/a1c.com.br\/wp-content\/uploads\/2020\/06\/A1-Commodities-Identidade-Visual-Azul-3.png\",\"contentUrl\":\"https:\/\/a1c.com.br\/wp-content\/uploads\/2020\/06\/A1-Commodities-Identidade-Visual-Azul-3.png\",\"width\":2149,\"height\":656,\"caption\":\"A1 Commodities\"},\"image\":{\"@id\":\"https:\/\/a1c.com.br\/#\/schema\/logo\/image\/\"}}]}<\/script>\n<!-- \/ Yoast SEO plugin. -->","yoast_head_json":{"title":"Produtos - A1 Commodities","robots":{"index":"index","follow":"follow","max-snippet":"max-snippet:-1","max-image-preview":"max-image-preview:large","max-video-preview":"max-video-preview:-1"},"canonical":"https:\/\/a1c.com.br\/en\/produtos\/","og_locale":"en_GB","og_type":"article","og_title":"Produtos - A1 Commodities","og_url":"https:\/\/a1c.com.br\/en\/produtos\/","og_site_name":"A1 Commodities","article_modified_time":"2022-03-23T11:38:44+00:00","twitter_card":"summary_large_image","twitter_misc":{"Estimated reading time":"2 minutes"},"schema":{"@context":"https:\/\/schema.org","@graph":[{"@type":"WebPage","@id":"https:\/\/a1c.com.br\/produtos\/","url":"https:\/\/a1c.com.br\/produtos\/","name":"Produtos - A1 Commodities","isPartOf":{"@id":"https:\/\/a1c.com.br\/#website"},"datePublished":"2016-02-05T03:02:18+00:00","dateModified":"2022-03-23T11:38:44+00:00","breadcrumb":{"@id":"https:\/\/a1c.com.br\/produtos\/#breadcrumb"},"inLanguage":"en-GB","potentialAction":[{"@type":"ReadAction","target":["https:\/\/a1c.com.br\/produtos\/"]}]},{"@type":"BreadcrumbList","@id":"https:\/\/a1c.com.br\/produtos\/#breadcrumb","itemListElement":[{"@type":"ListItem","position":1,"name":"Home","item":"https:\/\/a1c.com.br\/"},{"@type":"ListItem","position":2,"name":"Produtos"}]},{"@type":"WebSite","@id":"https:\/\/a1c.com.br\/#website","url":"https:\/\/a1c.com.br\/","name":"A1 Commodities","description":"Descomoditizando as Commodities","publisher":{"@id":"https:\/\/a1c.com.br\/#organization"},"potentialAction":[{"@type":"SearchAction","target":{"@type":"EntryPoint","urlTemplate":"https:\/\/a1c.com.br\/?s={search_term_string}"},"query-input":{"@type":"PropertyValueSpecification","valueRequired":true,"valueName":"search_term_string"}}],"inLanguage":"en-GB"},{"@type":"Organization","@id":"https:\/\/a1c.com.br\/#organization","name":"A1 Commodities","url":"https:\/\/a1c.com.br\/","logo":{"@type":"ImageObject","inLanguage":"en-GB","@id":"https:\/\/a1c.com.br\/#\/schema\/logo\/image\/","url":"https:\/\/a1c.com.br\/wp-content\/uploads\/2020\/06\/A1-Commodities-Identidade-Visual-Azul-3.png","contentUrl":"https:\/\/a1c.com.br\/wp-content\/uploads\/2020\/06\/A1-Commodities-Identidade-Visual-Azul-3.png","width":2149,"height":656,"caption":"A1 Commodities"},"image":{"@id":"https:\/\/a1c.com.br\/#\/schema\/logo\/image\/"}}]}},"_links":{"self":[{"href":"https:\/\/a1c.com.br\/en\/wp-json\/wp\/v2\/pages\/149","targetHints":{"allow":["GET"]}}],"collection":[{"href":"https:\/\/a1c.com.br\/en\/wp-json\/wp\/v2\/pages"}],"about":[{"href":"https:\/\/a1c.com.br\/en\/wp-json\/wp\/v2\/types\/page"}],"author":[{"embeddable":true,"href":"https:\/\/a1c.com.br\/en\/wp-json\/wp\/v2\/users\/1"}],"replies":[{"embeddable":true,"href":"https:\/\/a1c.com.br\/en\/wp-json\/wp\/v2\/comments?post=149"}],"version-history":[{"count":48,"href":"https:\/\/a1c.com.br\/en\/wp-json\/wp\/v2\/pages\/149\/revisions"}],"predecessor-version":[{"id":1007,"href":"https:\/\/a1c.com.br\/en\/wp-json\/wp\/v2\/pages\/149\/revisions\/1007"}],"wp:attachment":[{"href":"https:\/\/a1c.com.br\/en\/wp-json\/wp\/v2\/media?parent=149"}],"curies":[{"name":"wp","href":"https:\/\/api.w.org\/{rel}","templated":true}]}}