{"id":164,"date":"2016-02-05T01:30:49","date_gmt":"2016-02-05T03:30:49","guid":{"rendered":"http:\/\/shtheme.com\/demosd\/logis-cargo\/?page_id=164"},"modified":"2021-12-22T01:15:43","modified_gmt":"2021-12-22T04:15:43","slug":"quem-somos","status":"publish","type":"page","link":"https:\/\/a1c.com.br\/en\/quem-somos\/","title":{"rendered":"ABOUT US"},"content":{"rendered":"<div data-vc-full-width=\"true\" data-vc-full-width-init=\"false\" class=\"vc_row wpb_row vc_row-fluid vc_custom_1461251963283 vc_row-has-fill\"><div class=\"wpb_column vc_column_container vc_col-sm-1\/5\"><div class=\"vc_column-inner\"><div class=\"wpb_wrapper\"><\/div><\/div><\/div><div class=\"wpb_column vc_column_container vc_col-sm-1\/5\"><div class=\"vc_column-inner\"><div class=\"wpb_wrapper\">\n\t<div  class=\"wpb_single_image wpb_content_element vc_align_center\">\n\t\t\n\t\t<figure class=\"wpb_wrapper vc_figure\">\n\t\t\t<div class=\"vc_single_image-wrapper   vc_box_border_grey\"><img loading=\"lazy\" decoding=\"async\" class=\"vc_single_image-img\" src=\"https:\/\/a1c.com.br\/wp-content\/uploads\/2020\/07\/01.png\" width=\"202\" height=\"230\" alt=\"Parceria\" title=\"partnership\" \/><\/div>\n\t\t<\/figure>\n\t<\/div>\n<\/div><\/div><\/div><div class=\"wpb_column vc_column_container vc_col-sm-1\/5\"><div class=\"vc_column-inner\"><div class=\"wpb_wrapper\">\n\t<div  class=\"wpb_single_image wpb_content_element vc_align_center\">\n\t\t\n\t\t<figure class=\"wpb_wrapper vc_figure\">\n\t\t\t<div class=\"vc_single_image-wrapper   vc_box_border_grey\"><img loading=\"lazy\" decoding=\"async\" class=\"vc_single_image-img\" src=\"https:\/\/a1c.com.br\/wp-content\/uploads\/2020\/08\/02.08-02.png\" width=\"202\" height=\"230\" alt=\"Portugue\u0302s\" title=\"Ingl\u00eas\" \/><\/div>\n\t\t<\/figure>\n\t<\/div>\n<\/div><\/div><\/div><div class=\"wpb_column vc_column_container vc_col-sm-1\/5\"><div class=\"vc_column-inner\"><div class=\"wpb_wrapper\">\n\t<div  class=\"wpb_single_image wpb_content_element vc_align_center\">\n\t\t\n\t\t<figure class=\"wpb_wrapper vc_figure\">\n\t\t\t<div class=\"vc_single_image-wrapper   vc_box_border_grey\"><img loading=\"lazy\" decoding=\"async\" class=\"vc_single_image-img\" src=\"https:\/\/a1c.com.br\/wp-content\/uploads\/2020\/07\/03.png\" width=\"202\" height=\"230\" alt=\"Sustentabilidade\" title=\"Sustainability\" \/><\/div>\n\t\t<\/figure>\n\t<\/div>\n<\/div><\/div><\/div><div class=\"wpb_column vc_column_container vc_col-sm-1\/5\"><div class=\"vc_column-inner\"><div class=\"wpb_wrapper\"><\/div><\/div><\/div><\/div><div class=\"vc_row-full-width vc_clearfix\"><\/div><div class=\"vc_row wpb_row vc_row-fluid vc_custom_1591671000546 vc_row-has-fill vc_row-o-full-height vc_row-o-columns-middle vc_row-o-content-middle vc_row-flex\"><div class=\"text-align: justify wpb_column vc_column_container vc_col-sm-12\"><div class=\"vc_column-inner vc_custom_1593469535568\"><div class=\"wpb_wrapper\"><div class=\"vc_empty_space\"   style=\"height: 40px\"><span class=\"vc_empty_space_inner\"><\/span><\/div>\n<div class=\"sec-title  no-sep\">\n         <h2><span style=\"\">THE COMPANY<\/span><\/h2>\n        <\/div>\n\t<div class=\"wpb_text_column wpb_content_element  vc_custom_1619553618996 text-align: justify\" >\n\t\t<div class=\"wpb_wrapper\">\n\t\t\t<p>A1 Commodities was born in 2020 combining a pool of collaborators and partners who have been working together for several years, many of them, since 2004. Over this long time, we have sourced agricultural products in all Brazilian producing regions, distributed those products to the Brazilian domestic market and exported them to the most demanding and qualified global markets.<\/p>\n<p>We have learned from our business partnerships that lasting and fruitful relationships are first built by people and that this will always be the essential foundation of A1 Commodities. Producers, cooperatives, agricultural inputs companies, logistic partners and our clients will always be <em>assisted by managers<\/em> who deeply understand their demands and will work constantly to assure them a tailor-made, close and exclusive service. We believe that the negotiated amounts must be the outcome of a well done, clear, and ethical work.<\/p>\n<p>\"Decommoditizing commodities\" is our motto. Nowadays, the inertia of the unbridled search for business carried out without the proper criteria turned the trading of agricultural products into somewhat standardized and impersonal, which is completely distinct from what we believe to be a virtuous and reciprocal model. We conduct our business with great closeness, striving to be present in the field, alongside the producer, as well as in the most diverse world destinations. All this commercial asset has been in our hands for many years, and now it can allow the continuity of these relationships within A1 Commodities' platform.<\/p>\n<p class=\"translation-block\">The determination to go beyond and run away from the basics and the traditional allowed this team to participate among the pioneers in important initiatives that have now become a reality in global demands, including the consolidation of the Brazilian barter, the first non-transgenic soy operations with high traceability and certification, participation in sustainability programs and selection by specific and strict qualities for all the products we sell.<\/p>\n<p>The name A1 refers to the word QUALITY, a status that can be both produced and demanded by the best and most qualified Brazilian growers and global customers, as well as by the skilled players along the logistics chain.<\/p>\n<p>Finally, besides the permanent search for the intrinsic quality of our products and the high performance of our services, we seek to deeply understand the needs of our partners, to develop complete and effective product solutions to their exact needs.<\/p>\n\n\t\t<\/div>\n\t<\/div>\n<\/div><\/div><\/div><\/div>","protected":false},"excerpt":{"rendered":"A Empresa A A1 Commodities nasce em 2020 combinando um grupo de colaboradores e parceiros que atuam juntos h\u00e1 muitos anos, muitos. Nesse longo per\u00edodo originamos produtos agr\u00edcolas em todas as regi\u00f5es produtoras brasileiras, distribu\u00edmos esses produtos ao mercado interno brasileiro e os exportamos para os mais exigentes e qualificados mercados globais. Aprendemos com nossas [...]","protected":false},"author":1,"featured_media":0,"parent":0,"menu_order":0,"comment_status":"closed","ping_status":"closed","template":"","meta":{"footnotes":""},"class_list":["post-164","page","type-page","status-publish","hentry"],"yoast_head":"<!-- This site is optimized with the Yoast SEO plugin v27.0 - https:\/\/yoast.com\/product\/yoast-seo-wordpress\/ -->\n<title>Sobre N\u00f3s - A1 Commodities<\/title>\n<meta name=\"robots\" content=\"index, follow, max-snippet:-1, max-image-preview:large, max-video-preview:-1\" \/>\n<link rel=\"canonical\" href=\"https:\/\/a1c.com.br\/en\/quem-somos\/\" \/>\n<meta property=\"og:locale\" content=\"en_GB\" \/>\n<meta property=\"og:type\" content=\"article\" \/>\n<meta property=\"og:title\" content=\"Sobre N\u00f3s - A1 Commodities\" \/>\n<meta property=\"og:url\" content=\"https:\/\/a1c.com.br\/en\/quem-somos\/\" \/>\n<meta property=\"og:site_name\" content=\"A1 Commodities\" \/>\n<meta property=\"article:modified_time\" content=\"2021-12-22T04:15:43+00:00\" \/>\n<meta name=\"twitter:card\" content=\"summary_large_image\" \/>\n<meta name=\"twitter:label1\" content=\"Estimated reading time\" \/>\n\t<meta name=\"twitter:data1\" content=\"2 minutes\" \/>\n<script type=\"application\/ld+json\" class=\"yoast-schema-graph\">{\"@context\":\"https:\/\/schema.org\",\"@graph\":[{\"@type\":\"WebPage\",\"@id\":\"https:\/\/a1c.com.br\/quem-somos\/\",\"url\":\"https:\/\/a1c.com.br\/quem-somos\/\",\"name\":\"Sobre N\u00f3s - A1 Commodities\",\"isPartOf\":{\"@id\":\"https:\/\/a1c.com.br\/#website\"},\"datePublished\":\"2016-02-05T03:30:49+00:00\",\"dateModified\":\"2021-12-22T04:15:43+00:00\",\"breadcrumb\":{\"@id\":\"https:\/\/a1c.com.br\/quem-somos\/#breadcrumb\"},\"inLanguage\":\"en-GB\",\"potentialAction\":[{\"@type\":\"ReadAction\",\"target\":[\"https:\/\/a1c.com.br\/quem-somos\/\"]}]},{\"@type\":\"BreadcrumbList\",\"@id\":\"https:\/\/a1c.com.br\/quem-somos\/#breadcrumb\",\"itemListElement\":[{\"@type\":\"ListItem\",\"position\":1,\"name\":\"Home\",\"item\":\"https:\/\/a1c.com.br\/\"},{\"@type\":\"ListItem\",\"position\":2,\"name\":\"Sobre N\u00f3s\"}]},{\"@type\":\"WebSite\",\"@id\":\"https:\/\/a1c.com.br\/#website\",\"url\":\"https:\/\/a1c.com.br\/\",\"name\":\"A1 Commodities\",\"description\":\"Descomoditizando as Commodities\",\"publisher\":{\"@id\":\"https:\/\/a1c.com.br\/#organization\"},\"potentialAction\":[{\"@type\":\"SearchAction\",\"target\":{\"@type\":\"EntryPoint\",\"urlTemplate\":\"https:\/\/a1c.com.br\/?s={search_term_string}\"},\"query-input\":{\"@type\":\"PropertyValueSpecification\",\"valueRequired\":true,\"valueName\":\"search_term_string\"}}],\"inLanguage\":\"en-GB\"},{\"@type\":\"Organization\",\"@id\":\"https:\/\/a1c.com.br\/#organization\",\"name\":\"A1 Commodities\",\"url\":\"https:\/\/a1c.com.br\/\",\"logo\":{\"@type\":\"ImageObject\",\"inLanguage\":\"en-GB\",\"@id\":\"https:\/\/a1c.com.br\/#\/schema\/logo\/image\/\",\"url\":\"https:\/\/a1c.com.br\/wp-content\/uploads\/2020\/06\/A1-Commodities-Identidade-Visual-Azul-3.png\",\"contentUrl\":\"https:\/\/a1c.com.br\/wp-content\/uploads\/2020\/06\/A1-Commodities-Identidade-Visual-Azul-3.png\",\"width\":2149,\"height\":656,\"caption\":\"A1 Commodities\"},\"image\":{\"@id\":\"https:\/\/a1c.com.br\/#\/schema\/logo\/image\/\"}}]}<\/script>\n<!-- \/ Yoast SEO plugin. -->","yoast_head_json":{"title":"Sobre N\u00f3s - A1 Commodities","robots":{"index":"index","follow":"follow","max-snippet":"max-snippet:-1","max-image-preview":"max-image-preview:large","max-video-preview":"max-video-preview:-1"},"canonical":"https:\/\/a1c.com.br\/en\/quem-somos\/","og_locale":"en_GB","og_type":"article","og_title":"Sobre N\u00f3s - A1 Commodities","og_url":"https:\/\/a1c.com.br\/en\/quem-somos\/","og_site_name":"A1 Commodities","article_modified_time":"2021-12-22T04:15:43+00:00","twitter_card":"summary_large_image","twitter_misc":{"Estimated reading time":"2 minutes"},"schema":{"@context":"https:\/\/schema.org","@graph":[{"@type":"WebPage","@id":"https:\/\/a1c.com.br\/quem-somos\/","url":"https:\/\/a1c.com.br\/quem-somos\/","name":"Sobre N\u00f3s - A1 Commodities","isPartOf":{"@id":"https:\/\/a1c.com.br\/#website"},"datePublished":"2016-02-05T03:30:49+00:00","dateModified":"2021-12-22T04:15:43+00:00","breadcrumb":{"@id":"https:\/\/a1c.com.br\/quem-somos\/#breadcrumb"},"inLanguage":"en-GB","potentialAction":[{"@type":"ReadAction","target":["https:\/\/a1c.com.br\/quem-somos\/"]}]},{"@type":"BreadcrumbList","@id":"https:\/\/a1c.com.br\/quem-somos\/#breadcrumb","itemListElement":[{"@type":"ListItem","position":1,"name":"Home","item":"https:\/\/a1c.com.br\/"},{"@type":"ListItem","position":2,"name":"Sobre N\u00f3s"}]},{"@type":"WebSite","@id":"https:\/\/a1c.com.br\/#website","url":"https:\/\/a1c.com.br\/","name":"A1 Commodities","description":"Descomoditizando as Commodities","publisher":{"@id":"https:\/\/a1c.com.br\/#organization"},"potentialAction":[{"@type":"SearchAction","target":{"@type":"EntryPoint","urlTemplate":"https:\/\/a1c.com.br\/?s={search_term_string}"},"query-input":{"@type":"PropertyValueSpecification","valueRequired":true,"valueName":"search_term_string"}}],"inLanguage":"en-GB"},{"@type":"Organization","@id":"https:\/\/a1c.com.br\/#organization","name":"A1 Commodities","url":"https:\/\/a1c.com.br\/","logo":{"@type":"ImageObject","inLanguage":"en-GB","@id":"https:\/\/a1c.com.br\/#\/schema\/logo\/image\/","url":"https:\/\/a1c.com.br\/wp-content\/uploads\/2020\/06\/A1-Commodities-Identidade-Visual-Azul-3.png","contentUrl":"https:\/\/a1c.com.br\/wp-content\/uploads\/2020\/06\/A1-Commodities-Identidade-Visual-Azul-3.png","width":2149,"height":656,"caption":"A1 Commodities"},"image":{"@id":"https:\/\/a1c.com.br\/#\/schema\/logo\/image\/"}}]}},"_links":{"self":[{"href":"https:\/\/a1c.com.br\/en\/wp-json\/wp\/v2\/pages\/164","targetHints":{"allow":["GET"]}}],"collection":[{"href":"https:\/\/a1c.com.br\/en\/wp-json\/wp\/v2\/pages"}],"about":[{"href":"https:\/\/a1c.com.br\/en\/wp-json\/wp\/v2\/types\/page"}],"author":[{"embeddable":true,"href":"https:\/\/a1c.com.br\/en\/wp-json\/wp\/v2\/users\/1"}],"replies":[{"embeddable":true,"href":"https:\/\/a1c.com.br\/en\/wp-json\/wp\/v2\/comments?post=164"}],"version-history":[{"count":35,"href":"https:\/\/a1c.com.br\/en\/wp-json\/wp\/v2\/pages\/164\/revisions"}],"predecessor-version":[{"id":952,"href":"https:\/\/a1c.com.br\/en\/wp-json\/wp\/v2\/pages\/164\/revisions\/952"}],"wp:attachment":[{"href":"https:\/\/a1c.com.br\/en\/wp-json\/wp\/v2\/media?parent=164"}],"curies":[{"name":"wp","href":"https:\/\/api.w.org\/{rel}","templated":true}]}}