{"id":258,"date":"2016-03-11T01:48:19","date_gmt":"2016-03-11T04:48:19","guid":{"rendered":"http:\/\/shtheme.com\/demosd\/logis-cargo\/?page_id=258"},"modified":"2021-12-22T01:16:41","modified_gmt":"2021-12-22T04:16:41","slug":"sustentabilidade","status":"publish","type":"page","link":"https:\/\/a1c.com.br\/en\/sustentabilidade\/","title":{"rendered":"Sustainability"},"content":{"rendered":"<div class=\"vc_row wpb_row vc_row-fluid\"><div class=\"wpb_column vc_column_container vc_col-sm-12\"><div class=\"vc_column-inner\"><div class=\"wpb_wrapper\"><div class=\"vc_empty_space\"   style=\"height: 70px\"><span class=\"vc_empty_space_inner\"><\/span><\/div>\n\n<div class=\"single-client-box\">\n    <div class=\"icon-box\">\n        <img decoding=\"async\" src=\"https:\/\/a1c.com.br\/wp-content\/uploads\/2020\/06\/Sustentabilidade-\u00cdcone.png\" alt=\"\"\/>\n    <\/div>\n    <div class=\"content\">\n        <h3><\/h3>\n        <p>The continuous search for good practices in the social and environmental spheres is part of our DNA. This qualification starts internally, in the coexistence of our team in a modern and respectful model that cultivates the well-being and respect for the individual needs of each employee, to the search and encouragement to consolidate positive practices throughout the chain, from the farms to the the end customer. Our suppliers already have the most diverse certifications, attesting from their conduct with the environment to their social practices, whether in the company-employee relationship, or in social and environmental initiatives that reach their communities.<\/p>\n    <\/div>\n<\/div><\/div><\/div><\/div><\/div><div class=\"vc_row wpb_row vc_row-fluid\"><div class=\"wpb_column vc_column_container vc_col-sm-6\"><div class=\"vc_column-inner\"><div class=\"wpb_wrapper\">\n\t<div  class=\"wpb_single_image wpb_content_element vc_align_left\">\n\t\t\n\t\t<figure class=\"wpb_wrapper vc_figure\">\n\t\t\t<div class=\"vc_single_image-wrapper   vc_box_border_grey\"><img loading=\"lazy\" decoding=\"async\" width=\"150\" height=\"150\" src=\"https:\/\/a1c.com.br\/wp-content\/uploads\/2021\/07\/image005-150x150.png\" class=\"vc_single_image-img attachment-thumbnail\" alt=\"\" srcset=\"https:\/\/a1c.com.br\/wp-content\/uploads\/2021\/07\/image005-150x150.png 150w, https:\/\/a1c.com.br\/wp-content\/uploads\/2021\/07\/image005-300x300.png 300w, https:\/\/a1c.com.br\/wp-content\/uploads\/2021\/07\/image005.png 459w\" sizes=\"auto, (max-width: 150px) 100vw, 150px\" \/><\/div>\n\t\t<\/figure>\n\t<\/div>\n<\/div><\/div><\/div><div class=\"wpb_column vc_column_container vc_col-sm-6\"><div class=\"vc_column-inner\"><div class=\"wpb_wrapper\"><\/div><\/div><\/div><\/div>","protected":false},"excerpt":{"rendered":"A cont\u00ednua busca de boas pr\u00e1ticas nos \u00e2mbitos social e ambiental fazem parte do nosso DNA. Essa qualifica\u00e7\u00e3o se inicia internamente, no conv\u00edvio de nosso time num modelo moderno e respeitoso que cultiva o bem estar e o respeito \u00e0s necessidades individuais de cada colaborador, at\u00e9 a busca e o incentivo por consolidar pr\u00e1ticas positivas [...]","protected":false},"author":1,"featured_media":0,"parent":0,"menu_order":0,"comment_status":"closed","ping_status":"closed","template":"","meta":{"footnotes":""},"class_list":["post-258","page","type-page","status-publish","hentry"],"yoast_head":"<!-- This site is optimized with the Yoast SEO plugin v27.0 - https:\/\/yoast.com\/product\/yoast-seo-wordpress\/ -->\n<title>Sustentabilidade - A1 Commodities<\/title>\n<meta name=\"robots\" content=\"index, follow, max-snippet:-1, max-image-preview:large, max-video-preview:-1\" \/>\n<link rel=\"canonical\" href=\"https:\/\/a1c.com.br\/en\/sustentabilidade\/\" \/>\n<meta property=\"og:locale\" content=\"en_GB\" \/>\n<meta property=\"og:type\" content=\"article\" \/>\n<meta property=\"og:title\" content=\"Sustentabilidade - A1 Commodities\" \/>\n<meta property=\"og:url\" content=\"https:\/\/a1c.com.br\/en\/sustentabilidade\/\" \/>\n<meta property=\"og:site_name\" content=\"A1 Commodities\" \/>\n<meta property=\"article:modified_time\" content=\"2021-12-22T04:16:41+00:00\" \/>\n<meta name=\"twitter:card\" content=\"summary_large_image\" \/>\n<meta name=\"twitter:label1\" content=\"Estimated reading time\" \/>\n\t<meta name=\"twitter:data1\" content=\"1 minute\" \/>\n<script type=\"application\/ld+json\" class=\"yoast-schema-graph\">{\"@context\":\"https:\/\/schema.org\",\"@graph\":[{\"@type\":\"WebPage\",\"@id\":\"https:\/\/a1c.com.br\/sustentabilidade\/\",\"url\":\"https:\/\/a1c.com.br\/sustentabilidade\/\",\"name\":\"Sustentabilidade - A1 Commodities\",\"isPartOf\":{\"@id\":\"https:\/\/a1c.com.br\/#website\"},\"datePublished\":\"2016-03-11T04:48:19+00:00\",\"dateModified\":\"2021-12-22T04:16:41+00:00\",\"breadcrumb\":{\"@id\":\"https:\/\/a1c.com.br\/sustentabilidade\/#breadcrumb\"},\"inLanguage\":\"en-GB\",\"potentialAction\":[{\"@type\":\"ReadAction\",\"target\":[\"https:\/\/a1c.com.br\/sustentabilidade\/\"]}]},{\"@type\":\"BreadcrumbList\",\"@id\":\"https:\/\/a1c.com.br\/sustentabilidade\/#breadcrumb\",\"itemListElement\":[{\"@type\":\"ListItem\",\"position\":1,\"name\":\"Home\",\"item\":\"https:\/\/a1c.com.br\/\"},{\"@type\":\"ListItem\",\"position\":2,\"name\":\"Sustentabilidade\"}]},{\"@type\":\"WebSite\",\"@id\":\"https:\/\/a1c.com.br\/#website\",\"url\":\"https:\/\/a1c.com.br\/\",\"name\":\"A1 Commodities\",\"description\":\"Descomoditizando as Commodities\",\"publisher\":{\"@id\":\"https:\/\/a1c.com.br\/#organization\"},\"potentialAction\":[{\"@type\":\"SearchAction\",\"target\":{\"@type\":\"EntryPoint\",\"urlTemplate\":\"https:\/\/a1c.com.br\/?s={search_term_string}\"},\"query-input\":{\"@type\":\"PropertyValueSpecification\",\"valueRequired\":true,\"valueName\":\"search_term_string\"}}],\"inLanguage\":\"en-GB\"},{\"@type\":\"Organization\",\"@id\":\"https:\/\/a1c.com.br\/#organization\",\"name\":\"A1 Commodities\",\"url\":\"https:\/\/a1c.com.br\/\",\"logo\":{\"@type\":\"ImageObject\",\"inLanguage\":\"en-GB\",\"@id\":\"https:\/\/a1c.com.br\/#\/schema\/logo\/image\/\",\"url\":\"https:\/\/a1c.com.br\/wp-content\/uploads\/2020\/06\/A1-Commodities-Identidade-Visual-Azul-3.png\",\"contentUrl\":\"https:\/\/a1c.com.br\/wp-content\/uploads\/2020\/06\/A1-Commodities-Identidade-Visual-Azul-3.png\",\"width\":2149,\"height\":656,\"caption\":\"A1 Commodities\"},\"image\":{\"@id\":\"https:\/\/a1c.com.br\/#\/schema\/logo\/image\/\"}}]}<\/script>\n<!-- \/ Yoast SEO plugin. -->","yoast_head_json":{"title":"Sustentabilidade - A1 Commodities","robots":{"index":"index","follow":"follow","max-snippet":"max-snippet:-1","max-image-preview":"max-image-preview:large","max-video-preview":"max-video-preview:-1"},"canonical":"https:\/\/a1c.com.br\/en\/sustentabilidade\/","og_locale":"en_GB","og_type":"article","og_title":"Sustentabilidade - A1 Commodities","og_url":"https:\/\/a1c.com.br\/en\/sustentabilidade\/","og_site_name":"A1 Commodities","article_modified_time":"2021-12-22T04:16:41+00:00","twitter_card":"summary_large_image","twitter_misc":{"Estimated reading time":"1 minute"},"schema":{"@context":"https:\/\/schema.org","@graph":[{"@type":"WebPage","@id":"https:\/\/a1c.com.br\/sustentabilidade\/","url":"https:\/\/a1c.com.br\/sustentabilidade\/","name":"Sustentabilidade - A1 Commodities","isPartOf":{"@id":"https:\/\/a1c.com.br\/#website"},"datePublished":"2016-03-11T04:48:19+00:00","dateModified":"2021-12-22T04:16:41+00:00","breadcrumb":{"@id":"https:\/\/a1c.com.br\/sustentabilidade\/#breadcrumb"},"inLanguage":"en-GB","potentialAction":[{"@type":"ReadAction","target":["https:\/\/a1c.com.br\/sustentabilidade\/"]}]},{"@type":"BreadcrumbList","@id":"https:\/\/a1c.com.br\/sustentabilidade\/#breadcrumb","itemListElement":[{"@type":"ListItem","position":1,"name":"Home","item":"https:\/\/a1c.com.br\/"},{"@type":"ListItem","position":2,"name":"Sustentabilidade"}]},{"@type":"WebSite","@id":"https:\/\/a1c.com.br\/#website","url":"https:\/\/a1c.com.br\/","name":"A1 Commodities","description":"Descomoditizando as Commodities","publisher":{"@id":"https:\/\/a1c.com.br\/#organization"},"potentialAction":[{"@type":"SearchAction","target":{"@type":"EntryPoint","urlTemplate":"https:\/\/a1c.com.br\/?s={search_term_string}"},"query-input":{"@type":"PropertyValueSpecification","valueRequired":true,"valueName":"search_term_string"}}],"inLanguage":"en-GB"},{"@type":"Organization","@id":"https:\/\/a1c.com.br\/#organization","name":"A1 Commodities","url":"https:\/\/a1c.com.br\/","logo":{"@type":"ImageObject","inLanguage":"en-GB","@id":"https:\/\/a1c.com.br\/#\/schema\/logo\/image\/","url":"https:\/\/a1c.com.br\/wp-content\/uploads\/2020\/06\/A1-Commodities-Identidade-Visual-Azul-3.png","contentUrl":"https:\/\/a1c.com.br\/wp-content\/uploads\/2020\/06\/A1-Commodities-Identidade-Visual-Azul-3.png","width":2149,"height":656,"caption":"A1 Commodities"},"image":{"@id":"https:\/\/a1c.com.br\/#\/schema\/logo\/image\/"}}]}},"_links":{"self":[{"href":"https:\/\/a1c.com.br\/en\/wp-json\/wp\/v2\/pages\/258","targetHints":{"allow":["GET"]}}],"collection":[{"href":"https:\/\/a1c.com.br\/en\/wp-json\/wp\/v2\/pages"}],"about":[{"href":"https:\/\/a1c.com.br\/en\/wp-json\/wp\/v2\/types\/page"}],"author":[{"embeddable":true,"href":"https:\/\/a1c.com.br\/en\/wp-json\/wp\/v2\/users\/1"}],"replies":[{"embeddable":true,"href":"https:\/\/a1c.com.br\/en\/wp-json\/wp\/v2\/comments?post=258"}],"version-history":[{"count":13,"href":"https:\/\/a1c.com.br\/en\/wp-json\/wp\/v2\/pages\/258\/revisions"}],"predecessor-version":[{"id":965,"href":"https:\/\/a1c.com.br\/en\/wp-json\/wp\/v2\/pages\/258\/revisions\/965"}],"wp:attachment":[{"href":"https:\/\/a1c.com.br\/en\/wp-json\/wp\/v2\/media?parent=258"}],"curies":[{"name":"wp","href":"https:\/\/api.w.org\/{rel}","templated":true}]}}