{"id":374,"date":"2016-04-21T17:07:47","date_gmt":"2016-04-21T20:07:47","guid":{"rendered":"http:\/\/livedemos.templatation.com\/logiscargo5\/?page_id=374"},"modified":"2021-12-22T01:14:13","modified_gmt":"2021-12-22T04:14:13","slug":"tecnologia","status":"publish","type":"page","link":"https:\/\/a1c.com.br\/en\/tecnologia\/","title":{"rendered":"Technology"},"content":{"rendered":"<div class=\"vc_row wpb_row vc_row-fluid\"><div class=\"wpb_column vc_column_container vc_col-sm-12\"><div class=\"vc_column-inner\"><div class=\"wpb_wrapper\">\n\t<div class=\"wpb_text_column wpb_content_element\" >\n\t\t<div class=\"wpb_wrapper\">\n\t\t\t<p>The combination of vast experience in the commerce of agricultural commodities with technology is a powerful tool. Our clients, as well as the financing chain, can access the status of the operations in what they are involved through an agile and simplified platform. We incorporate the tools of our logistics and customs service providers to the physical and financial positions of each contract, minimizing the requirement of timely information claims. All this simplicity and ease without ever giving up one of the basic principles of our operation: the personal and customized treatment to the specific needs of each of our partners, whether they are customers, suppliers, or service providers.<\/p>\n\n\t\t<\/div>\n\t<\/div>\n<div class=\"vc_empty_space\"   style=\"height: 52px\"><span class=\"vc_empty_space_inner\"><\/span><\/div><\/div><\/div><\/div><\/div>","protected":false},"excerpt":{"rendered":"A combina\u00e7\u00e3o de vasta experi\u00eancia na comercializa\u00e7\u00e3o de commodities agr\u00edcolas com a tecnologia \u00e9 uma poderosa ferramenta. Nossos clientes, bem como a cadeia financiadora, podem acessar o status das opera\u00e7\u00f5es que est\u00e3o envolvidos atrav\u00e9s de uma plataforma \u00e1gil e simplificada. Incorporamos as ferramentas de nossos prestadores de servi\u00e7os log\u00edsticos e aduaneiros \u00e0s posi\u00e7\u00f5es f\u00edsicas e [...]","protected":false},"author":1,"featured_media":0,"parent":0,"menu_order":0,"comment_status":"closed","ping_status":"closed","template":"","meta":{"footnotes":""},"class_list":["post-374","page","type-page","status-publish","hentry"],"yoast_head":"<!-- This site is optimized with the Yoast SEO plugin v27.0 - https:\/\/yoast.com\/product\/yoast-seo-wordpress\/ -->\n<title>Tecnologia - A1 Commodities<\/title>\n<meta name=\"robots\" content=\"index, follow, max-snippet:-1, max-image-preview:large, max-video-preview:-1\" \/>\n<link rel=\"canonical\" href=\"https:\/\/a1c.com.br\/en\/tecnologia\/\" \/>\n<meta property=\"og:locale\" content=\"en_GB\" \/>\n<meta property=\"og:type\" content=\"article\" \/>\n<meta property=\"og:title\" content=\"Tecnologia - A1 Commodities\" \/>\n<meta property=\"og:url\" content=\"https:\/\/a1c.com.br\/en\/tecnologia\/\" \/>\n<meta property=\"og:site_name\" content=\"A1 Commodities\" \/>\n<meta property=\"article:modified_time\" content=\"2021-12-22T04:14:13+00:00\" \/>\n<meta name=\"twitter:card\" content=\"summary_large_image\" \/>\n<meta name=\"twitter:label1\" content=\"Estimated reading time\" \/>\n\t<meta name=\"twitter:data1\" content=\"1 minute\" \/>\n<script type=\"application\/ld+json\" class=\"yoast-schema-graph\">{\"@context\":\"https:\/\/schema.org\",\"@graph\":[{\"@type\":\"WebPage\",\"@id\":\"https:\/\/a1c.com.br\/tecnologia\/\",\"url\":\"https:\/\/a1c.com.br\/tecnologia\/\",\"name\":\"Tecnologia - A1 Commodities\",\"isPartOf\":{\"@id\":\"https:\/\/a1c.com.br\/#website\"},\"datePublished\":\"2016-04-21T20:07:47+00:00\",\"dateModified\":\"2021-12-22T04:14:13+00:00\",\"breadcrumb\":{\"@id\":\"https:\/\/a1c.com.br\/tecnologia\/#breadcrumb\"},\"inLanguage\":\"en-GB\",\"potentialAction\":[{\"@type\":\"ReadAction\",\"target\":[\"https:\/\/a1c.com.br\/tecnologia\/\"]}]},{\"@type\":\"BreadcrumbList\",\"@id\":\"https:\/\/a1c.com.br\/tecnologia\/#breadcrumb\",\"itemListElement\":[{\"@type\":\"ListItem\",\"position\":1,\"name\":\"Home\",\"item\":\"https:\/\/a1c.com.br\/\"},{\"@type\":\"ListItem\",\"position\":2,\"name\":\"Tecnologia\"}]},{\"@type\":\"WebSite\",\"@id\":\"https:\/\/a1c.com.br\/#website\",\"url\":\"https:\/\/a1c.com.br\/\",\"name\":\"A1 Commodities\",\"description\":\"Descomoditizando as Commodities\",\"publisher\":{\"@id\":\"https:\/\/a1c.com.br\/#organization\"},\"potentialAction\":[{\"@type\":\"SearchAction\",\"target\":{\"@type\":\"EntryPoint\",\"urlTemplate\":\"https:\/\/a1c.com.br\/?s={search_term_string}\"},\"query-input\":{\"@type\":\"PropertyValueSpecification\",\"valueRequired\":true,\"valueName\":\"search_term_string\"}}],\"inLanguage\":\"en-GB\"},{\"@type\":\"Organization\",\"@id\":\"https:\/\/a1c.com.br\/#organization\",\"name\":\"A1 Commodities\",\"url\":\"https:\/\/a1c.com.br\/\",\"logo\":{\"@type\":\"ImageObject\",\"inLanguage\":\"en-GB\",\"@id\":\"https:\/\/a1c.com.br\/#\/schema\/logo\/image\/\",\"url\":\"https:\/\/a1c.com.br\/wp-content\/uploads\/2020\/06\/A1-Commodities-Identidade-Visual-Azul-3.png\",\"contentUrl\":\"https:\/\/a1c.com.br\/wp-content\/uploads\/2020\/06\/A1-Commodities-Identidade-Visual-Azul-3.png\",\"width\":2149,\"height\":656,\"caption\":\"A1 Commodities\"},\"image\":{\"@id\":\"https:\/\/a1c.com.br\/#\/schema\/logo\/image\/\"}}]}<\/script>\n<!-- \/ Yoast SEO plugin. -->","yoast_head_json":{"title":"Tecnologia - A1 Commodities","robots":{"index":"index","follow":"follow","max-snippet":"max-snippet:-1","max-image-preview":"max-image-preview:large","max-video-preview":"max-video-preview:-1"},"canonical":"https:\/\/a1c.com.br\/en\/tecnologia\/","og_locale":"en_GB","og_type":"article","og_title":"Tecnologia - A1 Commodities","og_url":"https:\/\/a1c.com.br\/en\/tecnologia\/","og_site_name":"A1 Commodities","article_modified_time":"2021-12-22T04:14:13+00:00","twitter_card":"summary_large_image","twitter_misc":{"Estimated reading time":"1 minute"},"schema":{"@context":"https:\/\/schema.org","@graph":[{"@type":"WebPage","@id":"https:\/\/a1c.com.br\/tecnologia\/","url":"https:\/\/a1c.com.br\/tecnologia\/","name":"Tecnologia - A1 Commodities","isPartOf":{"@id":"https:\/\/a1c.com.br\/#website"},"datePublished":"2016-04-21T20:07:47+00:00","dateModified":"2021-12-22T04:14:13+00:00","breadcrumb":{"@id":"https:\/\/a1c.com.br\/tecnologia\/#breadcrumb"},"inLanguage":"en-GB","potentialAction":[{"@type":"ReadAction","target":["https:\/\/a1c.com.br\/tecnologia\/"]}]},{"@type":"BreadcrumbList","@id":"https:\/\/a1c.com.br\/tecnologia\/#breadcrumb","itemListElement":[{"@type":"ListItem","position":1,"name":"Home","item":"https:\/\/a1c.com.br\/"},{"@type":"ListItem","position":2,"name":"Tecnologia"}]},{"@type":"WebSite","@id":"https:\/\/a1c.com.br\/#website","url":"https:\/\/a1c.com.br\/","name":"A1 Commodities","description":"Descomoditizando as Commodities","publisher":{"@id":"https:\/\/a1c.com.br\/#organization"},"potentialAction":[{"@type":"SearchAction","target":{"@type":"EntryPoint","urlTemplate":"https:\/\/a1c.com.br\/?s={search_term_string}"},"query-input":{"@type":"PropertyValueSpecification","valueRequired":true,"valueName":"search_term_string"}}],"inLanguage":"en-GB"},{"@type":"Organization","@id":"https:\/\/a1c.com.br\/#organization","name":"A1 Commodities","url":"https:\/\/a1c.com.br\/","logo":{"@type":"ImageObject","inLanguage":"en-GB","@id":"https:\/\/a1c.com.br\/#\/schema\/logo\/image\/","url":"https:\/\/a1c.com.br\/wp-content\/uploads\/2020\/06\/A1-Commodities-Identidade-Visual-Azul-3.png","contentUrl":"https:\/\/a1c.com.br\/wp-content\/uploads\/2020\/06\/A1-Commodities-Identidade-Visual-Azul-3.png","width":2149,"height":656,"caption":"A1 Commodities"},"image":{"@id":"https:\/\/a1c.com.br\/#\/schema\/logo\/image\/"}}]}},"_links":{"self":[{"href":"https:\/\/a1c.com.br\/en\/wp-json\/wp\/v2\/pages\/374","targetHints":{"allow":["GET"]}}],"collection":[{"href":"https:\/\/a1c.com.br\/en\/wp-json\/wp\/v2\/pages"}],"about":[{"href":"https:\/\/a1c.com.br\/en\/wp-json\/wp\/v2\/types\/page"}],"author":[{"embeddable":true,"href":"https:\/\/a1c.com.br\/en\/wp-json\/wp\/v2\/users\/1"}],"replies":[{"embeddable":true,"href":"https:\/\/a1c.com.br\/en\/wp-json\/wp\/v2\/comments?post=374"}],"version-history":[{"count":11,"href":"https:\/\/a1c.com.br\/en\/wp-json\/wp\/v2\/pages\/374\/revisions"}],"predecessor-version":[{"id":966,"href":"https:\/\/a1c.com.br\/en\/wp-json\/wp\/v2\/pages\/374\/revisions\/966"}],"wp:attachment":[{"href":"https:\/\/a1c.com.br\/en\/wp-json\/wp\/v2\/media?parent=374"}],"curies":[{"name":"wp","href":"https:\/\/api.w.org\/{rel}","templated":true}]}}