{"id":407,"date":"2016-04-23T06:07:20","date_gmt":"2016-04-23T06:07:20","guid":{"rendered":"http:\/\/livedemos.templatation.com\/logiscargo5\/?page_id=407"},"modified":"2023-08-26T01:01:10","modified_gmt":"2023-08-26T04:01:10","slug":"home-page-3","status":"publish","type":"page","link":"https:\/\/a1c.com.br\/en\/","title":{"rendered":"A1"},"content":{"rendered":"<div data-vc-full-width=\"true\" data-vc-full-width-init=\"false\" data-vc-stretch-content=\"true\" class=\"vc_row wpb_row vc_row-fluid vc_row-no-padding vc_row-o-content-top vc_row-flex\"><div class=\"wpb_column vc_column_container vc_col-sm-12\"><div class=\"vc_column-inner vc_custom_1593660842775\"><div class=\"wpb_wrapper\">\n\t<div class=\"wpb_text_column wpb_content_element  vc_custom_1693022468215\" >\n\t\t<div class=\"wpb_wrapper\">\n\t\t\t<div class=\"sec-title vc_custom_1693022306073\">\n<h4 style=\"text-align: center;\">AGORA A A1 COMMODITIES \u00c9 UMA EMPRESA DO GRUPO COMEXPORT<\/h4>\n<\/div>\n\n\t\t<\/div>\n\t<\/div>\n\n\t\t\t<!-- START Home2 REVOLUTION SLIDER 6.2.2 --><p class=\"rs-p-wp-fix\"><\/p>\n\t\t\t<rs-module-wrap id=\"rev_slider_9_1_wrapper\" data-source=\"gallery\" style=\"background:transparent;padding:0;margin:0px auto;margin-top:0;margin-bottom:0;\">\n\t\t\t\t<rs-module id=\"rev_slider_9_1\" style=\"display:none;\" data-version=\"6.2.2\">\n\t\t\t\t\t<rs-slides>\n\t\t\t\t\t\t<rs-slide data-key=\"rs-16\" data-title=\"Slide\" data-anim=\"ei:d;eo:d;s:d;r:0;t:parallaxtotop;sl:d;\">\n\t\t\t\t\t\t\t<img loading=\"lazy\" decoding=\"async\" src=\"\/\/a1c.com.br\/wp-content\/plugins\/revslider\/public\/assets\/assets\/dummy.png\" title=\"Itabala,,Bahia,\/,Brazil,-,April,23,,201o:,Coffee,Harvest\" width=\"2560\" height=\"1707\" data-lazyload=\"\/\/a1c.com.br\/wp-content\/uploads\/2021\/10\/shutterstock_1566080335-scaled.jpeg\" data-parallax=\"off\" class=\"rev-slidebg\" data-no-retina>\n<!--\n\t\t\t\t\t\t\t--><rs-layer\n\t\t\t\t\t\t\t\tid=\"slider-9-slide-16-layer-1\" \n\t\t\t\t\t\t\t\tdata-type=\"text\"\n\t\t\t\t\t\t\t\tdata-color=\"rgba(255, 255, 255, 1)\"\n\t\t\t\t\t\t\t\tdata-rsp_ch=\"on\"\n\t\t\t\t\t\t\t\tdata-xy=\"x:c;xo:-234px,147px,-33px,-5px;y:m;yo:-71px,-111px,-89px,-96px;\"\n\t\t\t\t\t\t\t\tdata-text=\"s:50,50,50,40;l:50,50,50,40;fw:700;\"\n\t\t\t\t\t\t\t\tdata-frame_0=\"y:50px;tp:600;\"\n\t\t\t\t\t\t\t\tdata-frame_1=\"tp:600;st:500;sR:500;\"\n\t\t\t\t\t\t\t\tdata-frame_999=\"st:w;auto:true;\"\n\t\t\t\t\t\t\t\tstyle=\"z-index:5;font-family:Quicksand;\"\n\t\t\t\t\t\t\t>A1 COMMODITIES \n\t\t\t\t\t\t\t<\/rs-layer><!--\n\n\t\t\t\t\t\t\t--><rs-layer\n\t\t\t\t\t\t\t\tid=\"slider-9-slide-16-layer-2\" \n\t\t\t\t\t\t\t\tdata-type=\"text\"\n\t\t\t\t\t\t\t\tdata-color=\"rgba(255, 255, 255, 1)\"\n\t\t\t\t\t\t\t\tdata-rsp_ch=\"on\"\n\t\t\t\t\t\t\t\tdata-xy=\"x:c;xo:-186px,184px,0,38px;y:m;yo:-21px,25px,45px,-36px;\"\n\t\t\t\t\t\t\t\tdata-text=\"w:normal;s:20,20,20,15;l:28,28,28,21;\"\n\t\t\t\t\t\t\t\tdata-dim=\"w:521px,521px,521px,392px;\"\n\t\t\t\t\t\t\t\tdata-frame_0=\"y:50px;tp:600;\"\n\t\t\t\t\t\t\t\tdata-frame_1=\"tp:600;st:1510;sR:1510;\"\n\t\t\t\t\t\t\t\tdata-frame_999=\"st:w;auto:true;\"\n\t\t\t\t\t\t\t\tstyle=\"z-index:7;font-family:Quicksand;font-style:italic;\"\n\t\t\t\t\t\t\t>\u201cDESCOMODITIZANDO AS COMMODITIES\u201d \n\t\t\t\t\t\t\t<\/rs-layer><!--\n\n\t\t\t\t\t\t\t--><a\n\t\t\t\t\t\t\t\tid=\"slider-9-slide-16-layer-12\" \n\t\t\t\t\t\t\t\tclass=\"rs-layer rev-btn rev-withicon\"\n\t\t\t\t\t\t\t\thref=\"https:\/\/a1c.com.br\/?page_id=448\" target=\"_self\" rel=\"noopener\"\n\t\t\t\t\t\t\t\tdata-type=\"button\"\n\t\t\t\t\t\t\t\tdata-color=\"rgba(255, 255, 255, 1)\"\n\t\t\t\t\t\t\t\tdata-xy=\"x:c;xo:-172px,227px,50px,95px;y:m;yo:58px,116px,136px,83px;\"\n\t\t\t\t\t\t\t\tdata-text=\"s:14,14,14,14;l:20,20,20,20;fw:500;\"\n\t\t\t\t\t\t\t\tdata-rsp_bd=\"off\"\n\t\t\t\t\t\t\t\tdata-padding=\"t:10;r:30;b:10;l:30;\"\n\t\t\t\t\t\t\t\tdata-border=\"bor:19px,19px,19px,19px;\"\n\t\t\t\t\t\t\t\tdata-frame_0=\"x:50px;tp:600;\"\n\t\t\t\t\t\t\t\tdata-frame_1=\"tp:600;e:power2.inOut;st:2320;sR:2320;\"\n\t\t\t\t\t\t\t\tdata-frame_999=\"st:w;auto:true;\"\n\t\t\t\t\t\t\t\tdata-frame_hover=\"c:#222;bgc:#8baac1;boc:#fff;bor:19px,19px,19px,19px;bos:solid;oX:50;oY:50;sp:0;e:none;\"\n\t\t\t\t\t\t\t\tstyle=\"z-index:9;background-color:#374253;font-family:Quicksand;cursor:pointer;outline:none;box-shadow:none;box-sizing:border-box;-moz-box-sizing:border-box;-webkit-box-sizing:border-box;\"\n\t\t\t\t\t\t\t>SERVI\u00c7OS <i class=\"fa-chevron-right\"><\/i> \n\t\t\t\t\t\t\t<\/a><!--\n\n\t\t\t\t\t\t\t--><a\n\t\t\t\t\t\t\t\tid=\"slider-9-slide-16-layer-13\" \n\t\t\t\t\t\t\t\tclass=\"rs-layer rev-btn rev-withicon\"\n\t\t\t\t\t\t\t\thref=\"https:\/\/a1c.com.br\/?page_id=149\" target=\"_self\" rel=\"noopener\"\n\t\t\t\t\t\t\t\tdata-type=\"button\"\n\t\t\t\t\t\t\t\tdata-color=\"#ffffff||rgba(0, 0, 0, 1)||rgba(0, 0, 0, 1)||rgba(0, 0, 0, 1)\"\n\t\t\t\t\t\t\t\tdata-xy=\"x:c;xo:-367px,19px,-160px,-83px;y:m;yo:58px,115px,135px,81px;\"\n\t\t\t\t\t\t\t\tdata-text=\"s:14;l:20;fw:500;\"\n\t\t\t\t\t\t\t\tdata-rsp_bd=\"off\"\n\t\t\t\t\t\t\t\tdata-padding=\"t:10;r:30;b:10;l:30;\"\n\t\t\t\t\t\t\t\tdata-border=\"bor:19px,19px,19px,19px;\"\n\t\t\t\t\t\t\t\tdata-frame_0=\"x:-50px;tp:600;\"\n\t\t\t\t\t\t\t\tdata-frame_1=\"tp:600;e:power2.inOut;st:1970;sR:1970;\"\n\t\t\t\t\t\t\t\tdata-frame_999=\"st:w;auto:true;\"\n\t\t\t\t\t\t\t\tdata-frame_hover=\"c:#fff;bgc:#374253;boc:#000;bor:19px,19px,19px,19px;bos:solid;oX:50;oY:50;sp:0;e:none;\"\n\t\t\t\t\t\t\t\tstyle=\"z-index:8;background-color:#8baac1;font-family:Quicksand;cursor:pointer;outline:none;box-shadow:none;box-sizing:border-box;-moz-box-sizing:border-box;-webkit-box-sizing:border-box;\"\n\t\t\t\t\t\t\t>PRODUTOS  <i class=\"fa-chevron-right\"><\/i> \n\t\t\t\t\t\t\t<\/a><!--\n-->\t\t\t\t\t\t<\/rs-slide>\n\t\t\t\t\t<\/rs-slides>\n\t\t\t\t\t<rs-progress class=\"rs-bottom\" style=\"height: 5px; background: rgba(0,0,0,0.15);\"><\/rs-progress>\n\t\t\t\t<\/rs-module>\n\t\t\t\t<script type=\"text\/javascript\">\n\t\t\t\t\tsetREVStartSize({c: 'rev_slider_9_1',rl:[1240,1024,778,480],el:[450,600,450,450],gw:[1240,1024,778,480],gh:[450,600,450,450],type:'standard',justify:'',layout:'fullwidth',mh:\"0\"});\n\t\t\t\t\tvar\trevapi9,\n\t\t\t\t\t\ttpj;\n\t\t\t\t\tjQuery(function() {\n\t\t\t\t\t\ttpj = jQuery;\n\t\t\t\t\t\tif(tpj(\"#rev_slider_9_1\").revolution == undefined){\n\t\t\t\t\t\t\trevslider_showDoubleJqueryError(\"#rev_slider_9_1\");\n\t\t\t\t\t\t}else{\n\t\t\t\t\t\t\trevapi9 = tpj(\"#rev_slider_9_1\").show().revolution({\n\t\t\t\t\t\t\t\tjsFileLocation:\"\/\/a1c.com.br\/wp-content\/plugins\/revslider\/public\/assets\/js\/\",\n\t\t\t\t\t\t\t\tsliderLayout:\"fullwidth\",\n\t\t\t\t\t\t\t\tvisibilityLevels:\"1240,1024,778,480\",\n\t\t\t\t\t\t\t\tgridwidth:\"1240,1024,778,480\",\n\t\t\t\t\t\t\t\tgridheight:\"450,600,450,450\",\n\t\t\t\t\t\t\t\tlazyType:\"smart\",\n\t\t\t\t\t\t\t\teditorheight:\"450,600,450,450\",\n\t\t\t\t\t\t\t\tresponsiveLevels:\"1240,1024,778,480\",\n\t\t\t\t\t\t\t\tnavigation: {\n\t\t\t\t\t\t\t\t\tmouseScrollNavigation:false,\n\t\t\t\t\t\t\t\t\tonHoverStop:false,\n\t\t\t\t\t\t\t\t\ttouch: {\n\t\t\t\t\t\t\t\t\t\ttouchenabled:true,\n\t\t\t\t\t\t\t\t\t\tswipe_min_touches:50\n\t\t\t\t\t\t\t\t\t}\n\t\t\t\t\t\t\t\t},\n\t\t\t\t\t\t\t\tparallax: {\n\t\t\t\t\t\t\t\t\tlevels:[2,3,4,5,6,7,12,16,10,50,47,48,49,50,51,55],\n\t\t\t\t\t\t\t\t\ttype:\"mouse\",\n\t\t\t\t\t\t\t\t\torigo:\"slidercenter\",\n\t\t\t\t\t\t\t\t\tspeed:2000\n\t\t\t\t\t\t\t\t},\n\t\t\t\t\t\t\t\tfallbacks: {\n\t\t\t\t\t\t\t\t\tignoreHeightChanges:\"\",\n\t\t\t\t\t\t\t\t\tallowHTML5AutoPlayOnAndroid:true\n\t\t\t\t\t\t\t\t},\n\t\t\t\t\t\t\t});\n\t\t\t\t\t\t}\n\t\t\t\t\t\t\n\t\t\t\t\t});\n\t\t\t\t<\/script>\n\t\t\t<\/rs-module-wrap>\n\t\t\t<!-- END REVOLUTION SLIDER -->\n<\/div><\/div><\/div><\/div><div class=\"vc_row-full-width vc_clearfix\"><\/div><div data-vc-full-width=\"true\" data-vc-full-width-init=\"false\" class=\"vc_row wpb_row vc_row-fluid vc_custom_1461083676658 vc_row-has-fill\"><div class=\"wpb_column vc_column_container vc_col-sm-8\"><div class=\"vc_column-inner vc_custom_1461400579353\"><div class=\"wpb_wrapper\">  \r\n\r\n<section class=\"welcome-text\">\r\n        <div class=\"title-box text-right\">\r\n            <h3>De onde viemos<\/h3>\r\n        <\/div>\r\n        <div class=\"text-box\">\r\n            <p>A A1 Commodities nasceu em 2020 combinando um grupo de colaboradores e parceiros que atuam juntos h\u00e1 muitos anos. Nesse longo per\u00edodo originamos produtos agr\u00edcolas em todas as regi\u00f5es produtoras brasileiras, distribu\u00edmos esses produtos ao mercado interno brasileiro e os exportamos para os mais exigentes e qualificados mercados globais.<\/p>\r\n        <\/div>\r\n<\/section>\r\n\r\n<\/div><\/div><\/div><div class=\"wpb_column vc_column_container vc_col-sm-4\"><div class=\"vc_column-inner\"><div class=\"wpb_wrapper\">\n\t<div  class=\"wpb_single_image wpb_content_element vc_align_left  vc_custom_1644933157388\">\n\t\t\n\t\t<figure class=\"wpb_wrapper vc_figure\">\n\t\t\t<div class=\"vc_single_image-wrapper   vc_box_border_grey\"><img loading=\"lazy\" decoding=\"async\" width=\"300\" height=\"142\" src=\"https:\/\/a1c.com.br\/wp-content\/uploads\/2022\/02\/certificacoes-home-3.png\" class=\"vc_single_image-img attachment-medium\" alt=\"\" srcset=\"https:\/\/a1c.com.br\/wp-content\/uploads\/2022\/02\/certificacoes-home-3.png 300w, https:\/\/a1c.com.br\/wp-content\/uploads\/2022\/02\/certificacoes-home-3-18x9.png 18w\" sizes=\"auto, (max-width: 300px) 100vw, 300px\" \/><\/div>\n\t\t<\/figure>\n\t<\/div>\n<\/div><\/div><\/div><\/div><div class=\"vc_row-full-width vc_clearfix\"><\/div><div data-vc-full-width=\"true\" data-vc-full-width-init=\"false\" class=\"vc_row wpb_row vc_row-fluid\"><div class=\"wpb_column vc_column_container vc_col-sm-6\"><div class=\"vc_column-inner vc_custom_1461083802560\"><div class=\"wpb_wrapper\"> \r\n    <div class=\"welcome-single-services\">\r\n        <div class=\"img-box\">\r\n            <img decoding=\"async\" src=\"https:\/\/a1c.com.br\/wp-content\/uploads\/2020\/06\/Certifica\u00e7\u00f5es.jpg\" alt=\"\">\r\n        <\/div>\r\n        <div class=\"text-box\">\r\n            <div class=\"content\">\r\n                <h3>RASTREABILIDADE & CERTIFICA\u00c7\u00d5ES<\/h3>\r\n                <p>Temos em nossa equipe e no nosso hist\u00f3rico comercial a estrutura\u00e7\u00e3o de sofisticadas opera\u00e7\u00f5es de identifica\u00e7\u00e3o, origina\u00e7\u00e3o, rastreabilidade e certifica\u00e7\u00e3o de produtos com exig\u00eancias e caracter\u00edsticas que v\u00e3o al\u00e9m dos produtos normais dispon\u00edveis no mercado.<\/p>\r\n                            <\/div>\r\n        <\/div>\r\n    <\/div>\r\n\r\n<div class=\"vc_empty_space\"   style=\"height: 32px\"><span class=\"vc_empty_space_inner\"><\/span><\/div> \r\n    <div class=\"welcome-single-services\">\r\n        <div class=\"img-box\">\r\n            <img decoding=\"async\" src=\"https:\/\/a1c.com.br\/wp-content\/uploads\/2021\/12\/Sustentabilidade.png\" alt=\"\">\r\n        <\/div>\r\n        <div class=\"text-box\">\r\n            <div class=\"content\">\r\n                <h3>SUSTENTABILIDADE<\/h3>\r\n                <p>A cont\u00ednua busca de boas pr\u00e1ticas nos \u00e2mbitos social e ambiental fazem parte do nosso DNA.<\/p>\r\n                            <\/div>\r\n        <\/div>\r\n    <\/div>\r\n\r\n<div class=\"vc_empty_space\"   style=\"height: 32px\"><span class=\"vc_empty_space_inner\"><\/span><\/div><\/div><\/div><\/div><div class=\"wpb_column vc_column_container vc_col-sm-6\"><div class=\"vc_column-inner vc_custom_1461084003949\"><div class=\"wpb_wrapper\"> \r\n    <div class=\"welcome-single-services\">\r\n        <div class=\"img-box\">\r\n            <img decoding=\"async\" src=\"https:\/\/a1c.com.br\/wp-content\/uploads\/2020\/06\/Rastreabilidade.jpg\" alt=\"\">\r\n        <\/div>\r\n        <div class=\"text-box\">\r\n            <div class=\"content\">\r\n                <h3>OPERA\u00c7\u00d5ES ESTRUTURADAS<\/h3>\r\n                <p>Al\u00e9m das opera\u00e7\u00f5es tradicionais de aquisi\u00e7\u00e3o de produtos agr\u00edcolas atrav\u00e9s de contratos para entregas futuras ou do mercado dispon\u00edvel (spot), nossa equipe \u00e9 especializada na estrutura\u00e7\u00e3o de opera\u00e7\u00f5es mais complexas, oferecendo ao produtor agr\u00edcola e \u00e0s cooperativas, uma vasta gama de produtos e servi\u00e7os.<\/p>\r\n                            <\/div>\r\n        <\/div>\r\n    <\/div>\r\n\r\n<div class=\"vc_empty_space\"   style=\"height: 32px\"><span class=\"vc_empty_space_inner\"><\/span><\/div> \r\n    <div class=\"welcome-single-services\">\r\n        <div class=\"img-box\">\r\n            <img decoding=\"async\" src=\"https:\/\/a1c.com.br\/wp-content\/uploads\/2020\/06\/tecnologia.jpg\" alt=\"\">\r\n        <\/div>\r\n        <div class=\"text-box\">\r\n            <div class=\"content\">\r\n                <h3>TECNOLOGIA<\/h3>\r\n                <p>A combina\u00e7\u00e3o de vasta experi\u00eancia na comercializa\u00e7\u00e3o de commodities agr\u00edcolas com a tecnologia.<\/p>\r\n                            <\/div>\r\n        <\/div>\r\n    <\/div>\r\n\r\n<div class=\"vc_empty_space\"   style=\"height: 32px\"><span class=\"vc_empty_space_inner\"><\/span><\/div><\/div><\/div><\/div><\/div><div class=\"vc_row-full-width vc_clearfix\"><\/div>\n","protected":false},"excerpt":{"rendered":"AGORA A A1 COMMODITIES \u00c9 UMA EMPRESA DO GRUPO COMEXPORT A1 COMMODITIES \u201cDESCOMODITIZANDO AS COMMODITIES\u201d SERVI\u00c7OS PRODUTOS De onde viemos A A1 Commodities nasceu em 2020 combinando um grupo de colaboradores e parceiros que atuam juntos h\u00e1 muitos anos. Nesse longo per\u00edodo originamos produtos agr\u00edcolas em todas as regi\u00f5es produtoras brasileiras, distribu\u00edmos esses produtos ao [...]","protected":false},"author":1,"featured_media":0,"parent":0,"menu_order":0,"comment_status":"closed","ping_status":"closed","template":"","meta":{"footnotes":""},"class_list":["post-407","page","type-page","status-publish","hentry"],"yoast_head":"<!-- This site is optimized with the Yoast SEO plugin v27.0 - https:\/\/yoast.com\/product\/yoast-seo-wordpress\/ -->\n<title>A1 - A1 Commodities<\/title>\n<meta name=\"robots\" content=\"index, follow, max-snippet:-1, max-image-preview:large, max-video-preview:-1\" \/>\n<link rel=\"canonical\" href=\"https:\/\/a1c.com.br\/en\/\" \/>\n<meta property=\"og:locale\" content=\"en_GB\" \/>\n<meta property=\"og:type\" content=\"article\" \/>\n<meta property=\"og:title\" content=\"A1 - A1 Commodities\" \/>\n<meta property=\"og:url\" content=\"https:\/\/a1c.com.br\/en\/\" \/>\n<meta property=\"og:site_name\" content=\"A1 Commodities\" \/>\n<meta property=\"article:modified_time\" content=\"2023-08-26T04:01:10+00:00\" \/>\n<meta name=\"twitter:card\" content=\"summary_large_image\" \/>\n<meta name=\"twitter:label1\" content=\"Estimated reading time\" \/>\n\t<meta name=\"twitter:data1\" content=\"2 minutes\" \/>\n<script type=\"application\/ld+json\" class=\"yoast-schema-graph\">{\"@context\":\"https:\/\/schema.org\",\"@graph\":[{\"@type\":\"WebPage\",\"@id\":\"https:\/\/a1c.com.br\/\",\"url\":\"https:\/\/a1c.com.br\/\",\"name\":\"A1 - A1 Commodities\",\"isPartOf\":{\"@id\":\"https:\/\/a1c.com.br\/#website\"},\"datePublished\":\"2016-04-23T06:07:20+00:00\",\"dateModified\":\"2023-08-26T04:01:10+00:00\",\"breadcrumb\":{\"@id\":\"https:\/\/a1c.com.br\/#breadcrumb\"},\"inLanguage\":\"en-GB\",\"potentialAction\":[{\"@type\":\"ReadAction\",\"target\":[\"https:\/\/a1c.com.br\/\"]}]},{\"@type\":\"BreadcrumbList\",\"@id\":\"https:\/\/a1c.com.br\/#breadcrumb\",\"itemListElement\":[{\"@type\":\"ListItem\",\"position\":1,\"name\":\"Home\",\"item\":\"https:\/\/a1c.com.br\/\"},{\"@type\":\"ListItem\",\"position\":2,\"name\":\"A1\"}]},{\"@type\":\"WebSite\",\"@id\":\"https:\/\/a1c.com.br\/#website\",\"url\":\"https:\/\/a1c.com.br\/\",\"name\":\"A1 Commodities\",\"description\":\"Descomoditizando as Commodities\",\"publisher\":{\"@id\":\"https:\/\/a1c.com.br\/#organization\"},\"potentialAction\":[{\"@type\":\"SearchAction\",\"target\":{\"@type\":\"EntryPoint\",\"urlTemplate\":\"https:\/\/a1c.com.br\/?s={search_term_string}\"},\"query-input\":{\"@type\":\"PropertyValueSpecification\",\"valueRequired\":true,\"valueName\":\"search_term_string\"}}],\"inLanguage\":\"en-GB\"},{\"@type\":\"Organization\",\"@id\":\"https:\/\/a1c.com.br\/#organization\",\"name\":\"A1 Commodities\",\"url\":\"https:\/\/a1c.com.br\/\",\"logo\":{\"@type\":\"ImageObject\",\"inLanguage\":\"en-GB\",\"@id\":\"https:\/\/a1c.com.br\/#\/schema\/logo\/image\/\",\"url\":\"https:\/\/a1c.com.br\/wp-content\/uploads\/2020\/06\/A1-Commodities-Identidade-Visual-Azul-3.png\",\"contentUrl\":\"https:\/\/a1c.com.br\/wp-content\/uploads\/2020\/06\/A1-Commodities-Identidade-Visual-Azul-3.png\",\"width\":2149,\"height\":656,\"caption\":\"A1 Commodities\"},\"image\":{\"@id\":\"https:\/\/a1c.com.br\/#\/schema\/logo\/image\/\"}}]}<\/script>\n<!-- \/ Yoast SEO plugin. -->","yoast_head_json":{"title":"A1 - A1 Commodities","robots":{"index":"index","follow":"follow","max-snippet":"max-snippet:-1","max-image-preview":"max-image-preview:large","max-video-preview":"max-video-preview:-1"},"canonical":"https:\/\/a1c.com.br\/en\/","og_locale":"en_GB","og_type":"article","og_title":"A1 - A1 Commodities","og_url":"https:\/\/a1c.com.br\/en\/","og_site_name":"A1 Commodities","article_modified_time":"2023-08-26T04:01:10+00:00","twitter_card":"summary_large_image","twitter_misc":{"Estimated reading time":"2 minutes"},"schema":{"@context":"https:\/\/schema.org","@graph":[{"@type":"WebPage","@id":"https:\/\/a1c.com.br\/","url":"https:\/\/a1c.com.br\/","name":"A1 - A1 Commodities","isPartOf":{"@id":"https:\/\/a1c.com.br\/#website"},"datePublished":"2016-04-23T06:07:20+00:00","dateModified":"2023-08-26T04:01:10+00:00","breadcrumb":{"@id":"https:\/\/a1c.com.br\/#breadcrumb"},"inLanguage":"en-GB","potentialAction":[{"@type":"ReadAction","target":["https:\/\/a1c.com.br\/"]}]},{"@type":"BreadcrumbList","@id":"https:\/\/a1c.com.br\/#breadcrumb","itemListElement":[{"@type":"ListItem","position":1,"name":"Home","item":"https:\/\/a1c.com.br\/"},{"@type":"ListItem","position":2,"name":"A1"}]},{"@type":"WebSite","@id":"https:\/\/a1c.com.br\/#website","url":"https:\/\/a1c.com.br\/","name":"A1 Commodities","description":"Descomoditizando as Commodities","publisher":{"@id":"https:\/\/a1c.com.br\/#organization"},"potentialAction":[{"@type":"SearchAction","target":{"@type":"EntryPoint","urlTemplate":"https:\/\/a1c.com.br\/?s={search_term_string}"},"query-input":{"@type":"PropertyValueSpecification","valueRequired":true,"valueName":"search_term_string"}}],"inLanguage":"en-GB"},{"@type":"Organization","@id":"https:\/\/a1c.com.br\/#organization","name":"A1 Commodities","url":"https:\/\/a1c.com.br\/","logo":{"@type":"ImageObject","inLanguage":"en-GB","@id":"https:\/\/a1c.com.br\/#\/schema\/logo\/image\/","url":"https:\/\/a1c.com.br\/wp-content\/uploads\/2020\/06\/A1-Commodities-Identidade-Visual-Azul-3.png","contentUrl":"https:\/\/a1c.com.br\/wp-content\/uploads\/2020\/06\/A1-Commodities-Identidade-Visual-Azul-3.png","width":2149,"height":656,"caption":"A1 Commodities"},"image":{"@id":"https:\/\/a1c.com.br\/#\/schema\/logo\/image\/"}}]}},"_links":{"self":[{"href":"https:\/\/a1c.com.br\/en\/wp-json\/wp\/v2\/pages\/407","targetHints":{"allow":["GET"]}}],"collection":[{"href":"https:\/\/a1c.com.br\/en\/wp-json\/wp\/v2\/pages"}],"about":[{"href":"https:\/\/a1c.com.br\/en\/wp-json\/wp\/v2\/types\/page"}],"author":[{"embeddable":true,"href":"https:\/\/a1c.com.br\/en\/wp-json\/wp\/v2\/users\/1"}],"replies":[{"embeddable":true,"href":"https:\/\/a1c.com.br\/en\/wp-json\/wp\/v2\/comments?post=407"}],"version-history":[{"count":86,"href":"https:\/\/a1c.com.br\/en\/wp-json\/wp\/v2\/pages\/407\/revisions"}],"predecessor-version":[{"id":1045,"href":"https:\/\/a1c.com.br\/en\/wp-json\/wp\/v2\/pages\/407\/revisions\/1045"}],"wp:attachment":[{"href":"https:\/\/a1c.com.br\/en\/wp-json\/wp\/v2\/media?parent=407"}],"curies":[{"name":"wp","href":"https:\/\/api.w.org\/{rel}","templated":true}]}}