{"id":448,"date":"2016-02-02T10:16:20","date_gmt":"2016-02-02T12:16:20","guid":{"rendered":"http:\/\/shtheme.com\/demosd\/logis-cargo\/?page_id=56"},"modified":"2021-12-22T01:11:51","modified_gmt":"2021-12-22T04:11:51","slug":"operacoes-estruturadas","status":"publish","type":"page","link":"https:\/\/a1c.com.br\/en\/operacoes-estruturadas\/","title":{"rendered":"STRUCTURED OPERATIONS"},"content":{"rendered":"<div class=\"vc_row wpb_row vc_row-fluid\"><div class=\"wpb_column vc_column_container vc_col-sm-12\"><div class=\"vc_column-inner\"><div class=\"wpb_wrapper\"><div class=\"vc_empty_space\"   style=\"height: 80px\"><span class=\"vc_empty_space_inner\"><\/span><\/div>\n\n<div class=\"single-client-box\">\n    <div class=\"icon-box\">\n        <img decoding=\"async\" src=\"https:\/\/a1c.com.br\/wp-content\/uploads\/2020\/06\/Navio.png\" alt=\"\"\/>\n    <\/div>\n    <div class=\"content\">\n        <h3><\/h3>\n        <p>Besides the traditional transactions of agricultural products acquisition through contracts for forward deliveries or the available market (spot), our team has expertise in structuring more complex operations, while offering the agricultural growers and cooperatives a wide range of products and services. We have registered in our history and experience, hundreds of structured operations in all producing areas of the Brazilian territory. We were part of the pioneering expansion movement of the barter modality at the beginning of the 2000s, as well as the fostering of plantation and expansion of our suppliers through the structuring of credit modalities<\/p>\n<p>Sophisticated operations like these are only possible through a deep knowledge and proximity of our partners' activities, allowing us to identify and propose modern and competitive business models. Once these demands are identified, we count on a comprehensive network of partners in the segment of agricultural inputs (fertilizers, seeds etc), as well as financial agents (banks and funds).<br \/>\nThus, the producer finds in A1 Commodities a partnership focused on tailor-made structuring of operations which have a broader portfolio of products ranging from the commercialization of its goods for the most demanding global markets, as well as the feasibility of credit, access to inputs and instruments for the price and foreign currency hedges. This model has allowed several producers to access their needs for annual cycles, as well as their long-term needs such as expansion, soil correction and investments in assets.<\/p>\n<p>Going further, aiming at the valuation of the qualified agricultural production that we access through our suppliers, we have the vast majority of our operations relying on international level certifications. Long before the subject became present in our daily routine, our commercial team was already developing certified and traceable operations, connecting the specialized growers to the most demanding global markets. As an example, the history of this team includes GMO Free Soy operations for Asia and Europe since 2005, as well as the selection of high standard cotton for premium markets. This process, over time, has become our main operation and business thesis. Recognition of the producer through the awarding of differentiated qualities and the continuous search for the sustainability of the chain constitute the pillars of A1 Commodities<\/p>\n    <\/div>\n<\/div><\/div><\/div><\/div><div class=\"wpb_column vc_column_container vc_col-sm-12\"><div class=\"vc_column-inner\"><div class=\"wpb_wrapper\"><\/div><\/div><\/div><\/div>","protected":false},"excerpt":{"rendered":"Al\u00e9m das opera\u00e7\u00f5es tradicionais de aquisi\u00e7\u00e3o de produtos agr\u00edcolas atrav\u00e9s de contratos para entregadas futuras ou do mercado dispon\u00edvel (spot), nossa equipe \u00e9 especializada na estrutura\u00e7\u00e3o de opera\u00e7\u00f5es mais complexas, oferecendo ao produtor agr\u00edcola e \u00e0s cooperativas, uma vasta gama de produtos e servi\u00e7os. Temos em nosso hist\u00f3rico e experi\u00eancia, centenas de opera\u00e7\u00f5es estruturadas em [...]","protected":false},"author":1,"featured_media":0,"parent":0,"menu_order":0,"comment_status":"closed","ping_status":"closed","template":"","meta":{"footnotes":""},"class_list":["post-448","page","type-page","status-publish","hentry"],"yoast_head":"<!-- This site is optimized with the Yoast SEO plugin v27.0 - https:\/\/yoast.com\/product\/yoast-seo-wordpress\/ -->\n<title>Opera\u00e7\u00f5es Estruturadas - A1 Commodities<\/title>\n<meta name=\"robots\" content=\"index, follow, max-snippet:-1, max-image-preview:large, max-video-preview:-1\" \/>\n<link rel=\"canonical\" href=\"https:\/\/a1c.com.br\/en\/operacoes-estruturadas\/\" \/>\n<meta property=\"og:locale\" content=\"en_GB\" \/>\n<meta property=\"og:type\" content=\"article\" \/>\n<meta property=\"og:title\" content=\"Opera\u00e7\u00f5es Estruturadas - A1 Commodities\" \/>\n<meta property=\"og:url\" content=\"https:\/\/a1c.com.br\/en\/operacoes-estruturadas\/\" \/>\n<meta property=\"og:site_name\" content=\"A1 Commodities\" \/>\n<meta property=\"article:modified_time\" content=\"2021-12-22T04:11:51+00:00\" \/>\n<meta name=\"twitter:card\" content=\"summary_large_image\" \/>\n<meta name=\"twitter:label1\" content=\"Estimated reading time\" \/>\n\t<meta name=\"twitter:data1\" content=\"2 minutes\" \/>\n<script type=\"application\/ld+json\" class=\"yoast-schema-graph\">{\"@context\":\"https:\/\/schema.org\",\"@graph\":[{\"@type\":\"WebPage\",\"@id\":\"https:\/\/a1c.com.br\/operacoes-estruturadas\/\",\"url\":\"https:\/\/a1c.com.br\/operacoes-estruturadas\/\",\"name\":\"Opera\u00e7\u00f5es Estruturadas - A1 Commodities\",\"isPartOf\":{\"@id\":\"https:\/\/a1c.com.br\/#website\"},\"datePublished\":\"2016-02-02T12:16:20+00:00\",\"dateModified\":\"2021-12-22T04:11:51+00:00\",\"breadcrumb\":{\"@id\":\"https:\/\/a1c.com.br\/operacoes-estruturadas\/#breadcrumb\"},\"inLanguage\":\"en-GB\",\"potentialAction\":[{\"@type\":\"ReadAction\",\"target\":[\"https:\/\/a1c.com.br\/operacoes-estruturadas\/\"]}]},{\"@type\":\"BreadcrumbList\",\"@id\":\"https:\/\/a1c.com.br\/operacoes-estruturadas\/#breadcrumb\",\"itemListElement\":[{\"@type\":\"ListItem\",\"position\":1,\"name\":\"Home\",\"item\":\"https:\/\/a1c.com.br\/\"},{\"@type\":\"ListItem\",\"position\":2,\"name\":\"Opera\u00e7\u00f5es Estruturadas\"}]},{\"@type\":\"WebSite\",\"@id\":\"https:\/\/a1c.com.br\/#website\",\"url\":\"https:\/\/a1c.com.br\/\",\"name\":\"A1 Commodities\",\"description\":\"Descomoditizando as Commodities\",\"publisher\":{\"@id\":\"https:\/\/a1c.com.br\/#organization\"},\"potentialAction\":[{\"@type\":\"SearchAction\",\"target\":{\"@type\":\"EntryPoint\",\"urlTemplate\":\"https:\/\/a1c.com.br\/?s={search_term_string}\"},\"query-input\":{\"@type\":\"PropertyValueSpecification\",\"valueRequired\":true,\"valueName\":\"search_term_string\"}}],\"inLanguage\":\"en-GB\"},{\"@type\":\"Organization\",\"@id\":\"https:\/\/a1c.com.br\/#organization\",\"name\":\"A1 Commodities\",\"url\":\"https:\/\/a1c.com.br\/\",\"logo\":{\"@type\":\"ImageObject\",\"inLanguage\":\"en-GB\",\"@id\":\"https:\/\/a1c.com.br\/#\/schema\/logo\/image\/\",\"url\":\"https:\/\/a1c.com.br\/wp-content\/uploads\/2020\/06\/A1-Commodities-Identidade-Visual-Azul-3.png\",\"contentUrl\":\"https:\/\/a1c.com.br\/wp-content\/uploads\/2020\/06\/A1-Commodities-Identidade-Visual-Azul-3.png\",\"width\":2149,\"height\":656,\"caption\":\"A1 Commodities\"},\"image\":{\"@id\":\"https:\/\/a1c.com.br\/#\/schema\/logo\/image\/\"}}]}<\/script>\n<!-- \/ Yoast SEO plugin. -->","yoast_head_json":{"title":"Opera\u00e7\u00f5es Estruturadas - A1 Commodities","robots":{"index":"index","follow":"follow","max-snippet":"max-snippet:-1","max-image-preview":"max-image-preview:large","max-video-preview":"max-video-preview:-1"},"canonical":"https:\/\/a1c.com.br\/en\/operacoes-estruturadas\/","og_locale":"en_GB","og_type":"article","og_title":"Opera\u00e7\u00f5es Estruturadas - A1 Commodities","og_url":"https:\/\/a1c.com.br\/en\/operacoes-estruturadas\/","og_site_name":"A1 Commodities","article_modified_time":"2021-12-22T04:11:51+00:00","twitter_card":"summary_large_image","twitter_misc":{"Estimated reading time":"2 minutes"},"schema":{"@context":"https:\/\/schema.org","@graph":[{"@type":"WebPage","@id":"https:\/\/a1c.com.br\/operacoes-estruturadas\/","url":"https:\/\/a1c.com.br\/operacoes-estruturadas\/","name":"Opera\u00e7\u00f5es Estruturadas - A1 Commodities","isPartOf":{"@id":"https:\/\/a1c.com.br\/#website"},"datePublished":"2016-02-02T12:16:20+00:00","dateModified":"2021-12-22T04:11:51+00:00","breadcrumb":{"@id":"https:\/\/a1c.com.br\/operacoes-estruturadas\/#breadcrumb"},"inLanguage":"en-GB","potentialAction":[{"@type":"ReadAction","target":["https:\/\/a1c.com.br\/operacoes-estruturadas\/"]}]},{"@type":"BreadcrumbList","@id":"https:\/\/a1c.com.br\/operacoes-estruturadas\/#breadcrumb","itemListElement":[{"@type":"ListItem","position":1,"name":"Home","item":"https:\/\/a1c.com.br\/"},{"@type":"ListItem","position":2,"name":"Opera\u00e7\u00f5es Estruturadas"}]},{"@type":"WebSite","@id":"https:\/\/a1c.com.br\/#website","url":"https:\/\/a1c.com.br\/","name":"A1 Commodities","description":"Descomoditizando as Commodities","publisher":{"@id":"https:\/\/a1c.com.br\/#organization"},"potentialAction":[{"@type":"SearchAction","target":{"@type":"EntryPoint","urlTemplate":"https:\/\/a1c.com.br\/?s={search_term_string}"},"query-input":{"@type":"PropertyValueSpecification","valueRequired":true,"valueName":"search_term_string"}}],"inLanguage":"en-GB"},{"@type":"Organization","@id":"https:\/\/a1c.com.br\/#organization","name":"A1 Commodities","url":"https:\/\/a1c.com.br\/","logo":{"@type":"ImageObject","inLanguage":"en-GB","@id":"https:\/\/a1c.com.br\/#\/schema\/logo\/image\/","url":"https:\/\/a1c.com.br\/wp-content\/uploads\/2020\/06\/A1-Commodities-Identidade-Visual-Azul-3.png","contentUrl":"https:\/\/a1c.com.br\/wp-content\/uploads\/2020\/06\/A1-Commodities-Identidade-Visual-Azul-3.png","width":2149,"height":656,"caption":"A1 Commodities"},"image":{"@id":"https:\/\/a1c.com.br\/#\/schema\/logo\/image\/"}}]}},"_links":{"self":[{"href":"https:\/\/a1c.com.br\/en\/wp-json\/wp\/v2\/pages\/448","targetHints":{"allow":["GET"]}}],"collection":[{"href":"https:\/\/a1c.com.br\/en\/wp-json\/wp\/v2\/pages"}],"about":[{"href":"https:\/\/a1c.com.br\/en\/wp-json\/wp\/v2\/types\/page"}],"author":[{"embeddable":true,"href":"https:\/\/a1c.com.br\/en\/wp-json\/wp\/v2\/users\/1"}],"replies":[{"embeddable":true,"href":"https:\/\/a1c.com.br\/en\/wp-json\/wp\/v2\/comments?post=448"}],"version-history":[{"count":13,"href":"https:\/\/a1c.com.br\/en\/wp-json\/wp\/v2\/pages\/448\/revisions"}],"predecessor-version":[{"id":960,"href":"https:\/\/a1c.com.br\/en\/wp-json\/wp\/v2\/pages\/448\/revisions\/960"}],"wp:attachment":[{"href":"https:\/\/a1c.com.br\/en\/wp-json\/wp\/v2\/media?parent=448"}],"curies":[{"name":"wp","href":"https:\/\/api.w.org\/{rel}","templated":true}]}}