{"id":70,"date":"2016-02-02T10:55:55","date_gmt":"2016-02-02T12:55:55","guid":{"rendered":"http:\/\/shtheme.com\/demosd\/logis-cargo\/?page_id=70"},"modified":"2021-12-22T01:10:41","modified_gmt":"2021-12-22T04:10:41","slug":"rastreabilidade-e-certificacoes","status":"publish","type":"page","link":"https:\/\/a1c.com.br\/en\/rastreabilidade-e-certificacoes\/","title":{"rendered":"TRACEABILITY &amp; CERTIFICATIONS"},"content":{"rendered":"<div class=\"vc_row wpb_row vc_row-fluid\"><div class=\"wpb_column vc_column_container vc_col-sm-12\"><div class=\"vc_column-inner\"><div class=\"wpb_wrapper\">\n\n<div class=\"single-client-box\">\n    <div class=\"icon-box\">\n        <img decoding=\"async\" src=\"https:\/\/a1c.com.br\/wp-content\/uploads\/2020\/07\/\u00cdcones-01-03.png\" alt=\"\"\/>\n    <\/div>\n    <div class=\"content\">\n        <h3><\/h3>\n        <p>We have in our team and in our commercial background, the expertise in structuring sophisticated operations of identification, sourcing, traceability, and certification of products with requirements and characteristics that go beyond the available normal standards in the market. As an example, since 2005 we have been sourcing and exporting multiple or singular varieties of non-transgenic products, in soft or high identity preserved traceability and certification programs, predominantly to Asian and European markets. These operations are possible thanks to partnerships established with Brazilian farmers, international level certifiers, the most qualified logistics operators of the market and customers who seek the guarantee of receiving what they need in a safe and continuous basis.<\/p>\n<p>The whole range of products and by-products of the Soy, Corn, and Cotton chain, besides other products grown in our territory, can be included in programs like these, built in a joint effort of A1 Commodities and its partners, to present to the world the high quality of the extensive Brazilian portfolio.<\/p>\n<p>Examples of products with high-quality standard and certification (including GMO Free and organic products):<\/p>\n<p>- Soybeans;<br \/>\n- Soybeans (specific variety);<br \/>\n- Corn;<br \/>\n- Caf\u00e9<br \/>\n- Mel<br \/>\n- Brans;<br \/>\n- Vegetable Oils;<br \/>\n- SPC (Soy Protein Concentrate);<br \/>\n- Cotton (specific intrinsic characteristics)<\/p>\n    <\/div>\n<\/div><div class=\"vc_empty_space\"   style=\"height: 20px\"><span class=\"vc_empty_space_inner\"><\/span><\/div><\/div><\/div><\/div><\/div>","protected":false},"excerpt":{"rendered":"Temos em nossa equipe e no nosso hist\u00f3rico comercial a estrutura\u00e7\u00e3o de sofisticadas opera\u00e7\u00f5es de identifica\u00e7\u00e3o, origina\u00e7\u00e3o, rastreabilidade e certifica\u00e7\u00e3o de produtos com exig\u00eancias e caracter\u00edsticas que v\u00e3o al\u00e9m dos produtos normais dispon\u00edveis no mercado. Como exemplo, temos desde 2005 a origina\u00e7\u00e3o e exporta\u00e7\u00e3o de produtos n\u00e3o-transg\u00eanicos de variedades m\u00faltiplas ou singulares, em programas de [...]","protected":false},"author":1,"featured_media":0,"parent":0,"menu_order":0,"comment_status":"closed","ping_status":"closed","template":"","meta":{"footnotes":""},"class_list":["post-70","page","type-page","status-publish","hentry"],"yoast_head":"<!-- This site is optimized with the Yoast SEO plugin v27.0 - https:\/\/yoast.com\/product\/yoast-seo-wordpress\/ -->\n<title>Rastreabilidade e Certifica\u00e7\u00f5es - A1 Commodities<\/title>\n<meta name=\"robots\" content=\"index, follow, max-snippet:-1, max-image-preview:large, max-video-preview:-1\" \/>\n<link rel=\"canonical\" href=\"https:\/\/a1c.com.br\/en\/rastreabilidade-e-certificacoes\/\" \/>\n<meta property=\"og:locale\" content=\"en_GB\" \/>\n<meta property=\"og:type\" content=\"article\" \/>\n<meta property=\"og:title\" content=\"Rastreabilidade e Certifica\u00e7\u00f5es - A1 Commodities\" \/>\n<meta property=\"og:url\" content=\"https:\/\/a1c.com.br\/en\/rastreabilidade-e-certificacoes\/\" \/>\n<meta property=\"og:site_name\" content=\"A1 Commodities\" \/>\n<meta property=\"article:modified_time\" content=\"2021-12-22T04:10:41+00:00\" \/>\n<meta name=\"twitter:card\" content=\"summary_large_image\" \/>\n<meta name=\"twitter:label1\" content=\"Estimated reading time\" \/>\n\t<meta name=\"twitter:data1\" content=\"1 minute\" \/>\n<script type=\"application\/ld+json\" class=\"yoast-schema-graph\">{\"@context\":\"https:\/\/schema.org\",\"@graph\":[{\"@type\":\"WebPage\",\"@id\":\"https:\/\/a1c.com.br\/rastreabilidade-e-certificacoes\/\",\"url\":\"https:\/\/a1c.com.br\/rastreabilidade-e-certificacoes\/\",\"name\":\"Rastreabilidade e Certifica\u00e7\u00f5es - A1 Commodities\",\"isPartOf\":{\"@id\":\"https:\/\/a1c.com.br\/#website\"},\"datePublished\":\"2016-02-02T12:55:55+00:00\",\"dateModified\":\"2021-12-22T04:10:41+00:00\",\"breadcrumb\":{\"@id\":\"https:\/\/a1c.com.br\/rastreabilidade-e-certificacoes\/#breadcrumb\"},\"inLanguage\":\"en-GB\",\"potentialAction\":[{\"@type\":\"ReadAction\",\"target\":[\"https:\/\/a1c.com.br\/rastreabilidade-e-certificacoes\/\"]}]},{\"@type\":\"BreadcrumbList\",\"@id\":\"https:\/\/a1c.com.br\/rastreabilidade-e-certificacoes\/#breadcrumb\",\"itemListElement\":[{\"@type\":\"ListItem\",\"position\":1,\"name\":\"Home\",\"item\":\"https:\/\/a1c.com.br\/\"},{\"@type\":\"ListItem\",\"position\":2,\"name\":\"Rastreabilidade e Certifica\u00e7\u00f5es\"}]},{\"@type\":\"WebSite\",\"@id\":\"https:\/\/a1c.com.br\/#website\",\"url\":\"https:\/\/a1c.com.br\/\",\"name\":\"A1 Commodities\",\"description\":\"Descomoditizando as Commodities\",\"publisher\":{\"@id\":\"https:\/\/a1c.com.br\/#organization\"},\"potentialAction\":[{\"@type\":\"SearchAction\",\"target\":{\"@type\":\"EntryPoint\",\"urlTemplate\":\"https:\/\/a1c.com.br\/?s={search_term_string}\"},\"query-input\":{\"@type\":\"PropertyValueSpecification\",\"valueRequired\":true,\"valueName\":\"search_term_string\"}}],\"inLanguage\":\"en-GB\"},{\"@type\":\"Organization\",\"@id\":\"https:\/\/a1c.com.br\/#organization\",\"name\":\"A1 Commodities\",\"url\":\"https:\/\/a1c.com.br\/\",\"logo\":{\"@type\":\"ImageObject\",\"inLanguage\":\"en-GB\",\"@id\":\"https:\/\/a1c.com.br\/#\/schema\/logo\/image\/\",\"url\":\"https:\/\/a1c.com.br\/wp-content\/uploads\/2020\/06\/A1-Commodities-Identidade-Visual-Azul-3.png\",\"contentUrl\":\"https:\/\/a1c.com.br\/wp-content\/uploads\/2020\/06\/A1-Commodities-Identidade-Visual-Azul-3.png\",\"width\":2149,\"height\":656,\"caption\":\"A1 Commodities\"},\"image\":{\"@id\":\"https:\/\/a1c.com.br\/#\/schema\/logo\/image\/\"}}]}<\/script>\n<!-- \/ Yoast SEO plugin. -->","yoast_head_json":{"title":"Rastreabilidade e Certifica\u00e7\u00f5es - A1 Commodities","robots":{"index":"index","follow":"follow","max-snippet":"max-snippet:-1","max-image-preview":"max-image-preview:large","max-video-preview":"max-video-preview:-1"},"canonical":"https:\/\/a1c.com.br\/en\/rastreabilidade-e-certificacoes\/","og_locale":"en_GB","og_type":"article","og_title":"Rastreabilidade e Certifica\u00e7\u00f5es - A1 Commodities","og_url":"https:\/\/a1c.com.br\/en\/rastreabilidade-e-certificacoes\/","og_site_name":"A1 Commodities","article_modified_time":"2021-12-22T04:10:41+00:00","twitter_card":"summary_large_image","twitter_misc":{"Estimated reading time":"1 minute"},"schema":{"@context":"https:\/\/schema.org","@graph":[{"@type":"WebPage","@id":"https:\/\/a1c.com.br\/rastreabilidade-e-certificacoes\/","url":"https:\/\/a1c.com.br\/rastreabilidade-e-certificacoes\/","name":"Rastreabilidade e Certifica\u00e7\u00f5es - A1 Commodities","isPartOf":{"@id":"https:\/\/a1c.com.br\/#website"},"datePublished":"2016-02-02T12:55:55+00:00","dateModified":"2021-12-22T04:10:41+00:00","breadcrumb":{"@id":"https:\/\/a1c.com.br\/rastreabilidade-e-certificacoes\/#breadcrumb"},"inLanguage":"en-GB","potentialAction":[{"@type":"ReadAction","target":["https:\/\/a1c.com.br\/rastreabilidade-e-certificacoes\/"]}]},{"@type":"BreadcrumbList","@id":"https:\/\/a1c.com.br\/rastreabilidade-e-certificacoes\/#breadcrumb","itemListElement":[{"@type":"ListItem","position":1,"name":"Home","item":"https:\/\/a1c.com.br\/"},{"@type":"ListItem","position":2,"name":"Rastreabilidade e Certifica\u00e7\u00f5es"}]},{"@type":"WebSite","@id":"https:\/\/a1c.com.br\/#website","url":"https:\/\/a1c.com.br\/","name":"A1 Commodities","description":"Descomoditizando as Commodities","publisher":{"@id":"https:\/\/a1c.com.br\/#organization"},"potentialAction":[{"@type":"SearchAction","target":{"@type":"EntryPoint","urlTemplate":"https:\/\/a1c.com.br\/?s={search_term_string}"},"query-input":{"@type":"PropertyValueSpecification","valueRequired":true,"valueName":"search_term_string"}}],"inLanguage":"en-GB"},{"@type":"Organization","@id":"https:\/\/a1c.com.br\/#organization","name":"A1 Commodities","url":"https:\/\/a1c.com.br\/","logo":{"@type":"ImageObject","inLanguage":"en-GB","@id":"https:\/\/a1c.com.br\/#\/schema\/logo\/image\/","url":"https:\/\/a1c.com.br\/wp-content\/uploads\/2020\/06\/A1-Commodities-Identidade-Visual-Azul-3.png","contentUrl":"https:\/\/a1c.com.br\/wp-content\/uploads\/2020\/06\/A1-Commodities-Identidade-Visual-Azul-3.png","width":2149,"height":656,"caption":"A1 Commodities"},"image":{"@id":"https:\/\/a1c.com.br\/#\/schema\/logo\/image\/"}}]}},"_links":{"self":[{"href":"https:\/\/a1c.com.br\/en\/wp-json\/wp\/v2\/pages\/70","targetHints":{"allow":["GET"]}}],"collection":[{"href":"https:\/\/a1c.com.br\/en\/wp-json\/wp\/v2\/pages"}],"about":[{"href":"https:\/\/a1c.com.br\/en\/wp-json\/wp\/v2\/types\/page"}],"author":[{"embeddable":true,"href":"https:\/\/a1c.com.br\/en\/wp-json\/wp\/v2\/users\/1"}],"replies":[{"embeddable":true,"href":"https:\/\/a1c.com.br\/en\/wp-json\/wp\/v2\/comments?post=70"}],"version-history":[{"count":13,"href":"https:\/\/a1c.com.br\/en\/wp-json\/wp\/v2\/pages\/70\/revisions"}],"predecessor-version":[{"id":961,"href":"https:\/\/a1c.com.br\/en\/wp-json\/wp\/v2\/pages\/70\/revisions\/961"}],"wp:attachment":[{"href":"https:\/\/a1c.com.br\/en\/wp-json\/wp\/v2\/media?parent=70"}],"curies":[{"name":"wp","href":"https:\/\/api.w.org\/{rel}","templated":true}]}}